{"id":30302,"date":"2023-10-04T14:45:37","date_gmt":"2023-10-04T12:45:37","guid":{"rendered":"https:\/\/hmtm.de\/fachstudienberatung\/"},"modified":"2023-10-04T14:45:37","modified_gmt":"2023-10-04T12:45:37","slug":"subject-specific-study-advisory","status":"publish","type":"page","link":"https:\/\/hmtm.de\/en\/advice-and-help\/subject-specific-study-advisory\/","title":{"rendered":"Subject-specific Study Advisory"},"content":{"rendered":"<p>Fachstudienberatung wird zu allen F\u00e4chern angeboten und erfolgt in der Regel von unseren Lehrenden des jeweiligen Studienfachs. Sie erhalten dort kompetente Auskunft zu gezielten Fragen nach Studieninhalten, Studienaufbau und konkreter Studienorganisation.<\/p>\n<p>Bitte nutzen Sie bei Interesse unsere Personensuche und wenden sich an die jeweiligen Lehrenden.<\/p>\n<p>&nbsp;<\/p>\n<p>Beratung f\u00fcr Lehramtsstudieng\u00e4nge<\/p>\n<p>PT Anna Perner<\/p>\n<p>&nbsp;<\/p>\n<p>Beratung f\u00fcr Tanz und Ballett<\/p>\n<p>PT Karin Betz<\/p>\n<p>&nbsp;<\/p>\n<p>Beratung f\u00fcr Studieng\u00e4nge mit der Theaterakademie August Everding<\/p>\n<p>PT Kristina Pschorr<\/p>\n","protected":false},"excerpt":{"rendered":"<p>Fachstudienberatung wird zu allen F\u00e4chern angeboten und erfolgt in der Regel von unseren Lehrenden des jeweiligen Studienfachs. Sie erhalten dort kompetente Auskunft zu gezielten Fragen nach Studieninhalten, Studienaufbau und konkreter Studienorganisation. Bitte nutzen Sie bei Interesse unsere Personensuche und wenden sich an die jeweiligen Lehrenden. &nbsp; Beratung f\u00fcr Lehramtsstudieng\u00e4nge PT Anna Perner &nbsp; Beratung f\u00fcr [&hellip;]<\/p>\n","protected":false},"author":10,"featured_media":0,"parent":30299,"menu_order":208,"comment_status":"closed","ping_status":"closed","template":"","meta":{"_acf_changed":false,"footnotes":""},"pagetemplate":[541],"class_list":["post-30302","page","type-page","status-publish","hentry","pagetemplate-information"],"acf":[],"yoast_head":"<!-- This site is optimized with the Yoast SEO plugin v27.1.1 - https:\/\/yoast.com\/product\/yoast-seo-wordpress\/ -->\n<title>Subject-specific Study Advisory - HMTM<\/title>\n<meta name=\"robots\" content=\"index, follow, max-snippet:-1, max-image-preview:large, max-video-preview:-1\" \/>\n<link rel=\"canonical\" href=\"https:\/\/hmtm.de\/en\/advice-and-help\/subject-specific-study-advisory\/\" \/>\n<meta property=\"og:locale\" content=\"en_GB\" \/>\n<meta property=\"og:type\" content=\"article\" \/>\n<meta property=\"og:title\" content=\"Subject-specific Study Advisory - HMTM\" \/>\n<meta property=\"og:description\" content=\"Fachstudienberatung wird zu allen F\u00e4chern angeboten und erfolgt in der Regel von unseren Lehrenden des jeweiligen Studienfachs. Sie erhalten dort kompetente Auskunft zu gezielten Fragen nach Studieninhalten, Studienaufbau und konkreter Studienorganisation. Bitte nutzen Sie bei Interesse unsere Personensuche und wenden sich an die jeweiligen Lehrenden. &nbsp; Beratung f\u00fcr Lehramtsstudieng\u00e4nge PT Anna Perner &nbsp; Beratung f\u00fcr [&hellip;]\" \/>\n<meta property=\"og:url\" content=\"https:\/\/hmtm.de\/en\/advice-and-help\/subject-specific-study-advisory\/\" \/>\n<meta property=\"og:site_name\" content=\"HMTM\" \/>\n<meta property=\"article:publisher\" content=\"https:\/\/www.facebook.com\/Hochschule-fr-Musik-und-Theater-Mnchen-310270902396373\/\" \/>\n<meta name=\"twitter:card\" content=\"summary_large_image\" \/>\n<meta name=\"twitter:label1\" content=\"Estimated reading time\" \/>\n\t<meta name=\"twitter:data1\" content=\"1 minute\" \/>\n<script type=\"application\/ld+json\" class=\"yoast-schema-graph\">{\"@context\":\"https:\/\/schema.org\",\"@graph\":[{\"@type\":\"WebPage\",\"@id\":\"https:\/\/hmtm.de\/en\/advice-and-help\/subject-specific-study-advisory\/\",\"url\":\"https:\/\/hmtm.de\/en\/advice-and-help\/subject-specific-study-advisory\/\",\"name\":\"Subject-specific Study Advisory - HMTM\",\"isPartOf\":{\"@id\":\"https:\/\/hmtm.de\/#website\"},\"datePublished\":\"2023-10-04T12:45:37+00:00\",\"breadcrumb\":{\"@id\":\"https:\/\/hmtm.de\/en\/advice-and-help\/subject-specific-study-advisory\/#breadcrumb\"},\"inLanguage\":\"en-GB\",\"potentialAction\":[{\"@type\":\"ReadAction\",\"target\":[\"https:\/\/hmtm.de\/en\/advice-and-help\/subject-specific-study-advisory\/\"]}]},{\"@type\":\"BreadcrumbList\",\"@id\":\"https:\/\/hmtm.de\/en\/advice-and-help\/subject-specific-study-advisory\/#breadcrumb\",\"itemListElement\":[{\"@type\":\"ListItem\",\"position\":1,\"name\":\"Startseite\",\"item\":\"https:\/\/hmtm.de\/en\/\"},{\"@type\":\"ListItem\",\"position\":2,\"name\":\"Central Student Advisory Service\",\"item\":\"https:\/\/hmtm.de\/en\/advice-and-help\/\"},{\"@type\":\"ListItem\",\"position\":3,\"name\":\"Subject-specific Study Advisory\"}]},{\"@type\":\"WebSite\",\"@id\":\"https:\/\/hmtm.de\/#website\",\"url\":\"https:\/\/hmtm.de\/\",\"name\":\"HMTM\",\"description\":\"Hochschule f\u00fcr Musik und Theater M\u00fcnchen\",\"publisher\":{\"@id\":\"https:\/\/hmtm.de\/#organization\"},\"potentialAction\":[{\"@type\":\"SearchAction\",\"target\":{\"@type\":\"EntryPoint\",\"urlTemplate\":\"https:\/\/hmtm.de\/?s={search_term_string}\"},\"query-input\":{\"@type\":\"PropertyValueSpecification\",\"valueRequired\":true,\"valueName\":\"search_term_string\"}}],\"inLanguage\":\"en-GB\"},{\"@type\":\"Organization\",\"@id\":\"https:\/\/hmtm.de\/#organization\",\"name\":\"Hochschule f\u00fcr Musik und Theater M\u00fcnchen\",\"url\":\"https:\/\/hmtm.de\/\",\"logo\":{\"@type\":\"ImageObject\",\"inLanguage\":\"en-GB\",\"@id\":\"https:\/\/hmtm.de\/#\/schema\/logo\/image\/\",\"url\":\"https:\/\/hmtm.de\/wp-content\/uploads\/logos\/hmtm_logo.svg\",\"contentUrl\":\"https:\/\/hmtm.de\/wp-content\/uploads\/logos\/hmtm_logo.svg\",\"caption\":\"Hochschule f\u00fcr Musik und Theater M\u00fcnchen\"},\"image\":{\"@id\":\"https:\/\/hmtm.de\/#\/schema\/logo\/image\/\"},\"sameAs\":[\"https:\/\/www.facebook.com\/Hochschule-fr-Musik-und-Theater-Mnchen-310270902396373\/\",\"https:\/\/www.youtube.com\/channel\/UCruQL0dtip2Y6-x9XM8S_cA\/\",\"https:\/\/de.linkedin.com\/school\/hochschule-f-r-musik-und-theater-m-nchen\/\",\"https:\/\/www.xing.com\/pages\/hochschulefuermusikundtheatermuenchen\",\"https:\/\/www.instagram.com\/hmtm_offiziell\/\"]}]}<\/script>\n<!-- \/ Yoast SEO plugin. -->","yoast_head_json":{"title":"Subject-specific Study Advisory - HMTM","robots":{"index":"index","follow":"follow","max-snippet":"max-snippet:-1","max-image-preview":"max-image-preview:large","max-video-preview":"max-video-preview:-1"},"canonical":"https:\/\/hmtm.de\/en\/advice-and-help\/subject-specific-study-advisory\/","og_locale":"en_GB","og_type":"article","og_title":"Subject-specific Study Advisory - HMTM","og_description":"Fachstudienberatung wird zu allen F\u00e4chern angeboten und erfolgt in der Regel von unseren Lehrenden des jeweiligen Studienfachs. Sie erhalten dort kompetente Auskunft zu gezielten Fragen nach Studieninhalten, Studienaufbau und konkreter Studienorganisation. Bitte nutzen Sie bei Interesse unsere Personensuche und wenden sich an die jeweiligen Lehrenden. &nbsp; Beratung f\u00fcr Lehramtsstudieng\u00e4nge PT Anna Perner &nbsp; Beratung f\u00fcr [&hellip;]","og_url":"https:\/\/hmtm.de\/en\/advice-and-help\/subject-specific-study-advisory\/","og_site_name":"HMTM","article_publisher":"https:\/\/www.facebook.com\/Hochschule-fr-Musik-und-Theater-Mnchen-310270902396373\/","twitter_card":"summary_large_image","twitter_misc":{"Estimated reading time":"1 minute"},"schema":{"@context":"https:\/\/schema.org","@graph":[{"@type":"WebPage","@id":"https:\/\/hmtm.de\/en\/advice-and-help\/subject-specific-study-advisory\/","url":"https:\/\/hmtm.de\/en\/advice-and-help\/subject-specific-study-advisory\/","name":"Subject-specific Study Advisory - HMTM","isPartOf":{"@id":"https:\/\/hmtm.de\/#website"},"datePublished":"2023-10-04T12:45:37+00:00","breadcrumb":{"@id":"https:\/\/hmtm.de\/en\/advice-and-help\/subject-specific-study-advisory\/#breadcrumb"},"inLanguage":"en-GB","potentialAction":[{"@type":"ReadAction","target":["https:\/\/hmtm.de\/en\/advice-and-help\/subject-specific-study-advisory\/"]}]},{"@type":"BreadcrumbList","@id":"https:\/\/hmtm.de\/en\/advice-and-help\/subject-specific-study-advisory\/#breadcrumb","itemListElement":[{"@type":"ListItem","position":1,"name":"Startseite","item":"https:\/\/hmtm.de\/en\/"},{"@type":"ListItem","position":2,"name":"Central Student Advisory Service","item":"https:\/\/hmtm.de\/en\/advice-and-help\/"},{"@type":"ListItem","position":3,"name":"Subject-specific Study Advisory"}]},{"@type":"WebSite","@id":"https:\/\/hmtm.de\/#website","url":"https:\/\/hmtm.de\/","name":"HMTM","description":"Hochschule f\u00fcr Musik und Theater M\u00fcnchen","publisher":{"@id":"https:\/\/hmtm.de\/#organization"},"potentialAction":[{"@type":"SearchAction","target":{"@type":"EntryPoint","urlTemplate":"https:\/\/hmtm.de\/?s={search_term_string}"},"query-input":{"@type":"PropertyValueSpecification","valueRequired":true,"valueName":"search_term_string"}}],"inLanguage":"en-GB"},{"@type":"Organization","@id":"https:\/\/hmtm.de\/#organization","name":"Hochschule f\u00fcr Musik und Theater M\u00fcnchen","url":"https:\/\/hmtm.de\/","logo":{"@type":"ImageObject","inLanguage":"en-GB","@id":"https:\/\/hmtm.de\/#\/schema\/logo\/image\/","url":"https:\/\/hmtm.de\/wp-content\/uploads\/logos\/hmtm_logo.svg","contentUrl":"https:\/\/hmtm.de\/wp-content\/uploads\/logos\/hmtm_logo.svg","caption":"Hochschule f\u00fcr Musik und Theater M\u00fcnchen"},"image":{"@id":"https:\/\/hmtm.de\/#\/schema\/logo\/image\/"},"sameAs":["https:\/\/www.facebook.com\/Hochschule-fr-Musik-und-Theater-Mnchen-310270902396373\/","https:\/\/www.youtube.com\/channel\/UCruQL0dtip2Y6-x9XM8S_cA\/","https:\/\/de.linkedin.com\/school\/hochschule-f-r-musik-und-theater-m-nchen\/","https:\/\/www.xing.com\/pages\/hochschulefuermusikundtheatermuenchen","https:\/\/www.instagram.com\/hmtm_offiziell\/"]}]}},"_links":{"self":[{"href":"https:\/\/hmtm.de\/en\/wp-json\/wp\/v2\/pages\/30302","targetHints":{"allow":["GET"]}}],"collection":[{"href":"https:\/\/hmtm.de\/en\/wp-json\/wp\/v2\/pages"}],"about":[{"href":"https:\/\/hmtm.de\/en\/wp-json\/wp\/v2\/types\/page"}],"author":[{"embeddable":true,"href":"https:\/\/hmtm.de\/en\/wp-json\/wp\/v2\/users\/10"}],"replies":[{"embeddable":true,"href":"https:\/\/hmtm.de\/en\/wp-json\/wp\/v2\/comments?post=30302"}],"version-history":[{"count":5,"href":"https:\/\/hmtm.de\/en\/wp-json\/wp\/v2\/pages\/30302\/revisions"}],"predecessor-version":[{"id":30307,"href":"https:\/\/hmtm.de\/en\/wp-json\/wp\/v2\/pages\/30302\/revisions\/30307"}],"up":[{"embeddable":true,"href":"https:\/\/hmtm.de\/en\/wp-json\/wp\/v2\/pages\/30299"}],"wp:attachment":[{"href":"https:\/\/hmtm.de\/en\/wp-json\/wp\/v2\/media?parent=30302"}],"wp:term":[{"taxonomy":"pagetemplate","embeddable":true,"href":"https:\/\/hmtm.de\/en\/wp-json\/wp\/v2\/pagetemplate?post=30302"}],"curies":[{"name":"wp","href":"https:\/\/api.w.org\/{rel}","templated":true}]}}