{"id":30319,"date":"2023-10-04T14:45:35","date_gmt":"2023-10-04T12:45:35","guid":{"rendered":"https:\/\/hmtm.de\/studieren-im-ausland\/"},"modified":"2023-10-04T14:45:35","modified_gmt":"2023-10-04T12:45:35","slug":"studying-abroad","status":"publish","type":"page","link":"https:\/\/hmtm.de\/en\/advice-and-help\/studying-abroad\/","title":{"rendered":"Studying abroad"},"content":{"rendered":"<p>Sie \u00fcberlegen, einen Teil Ihres Studiums im Ausland zu absolvieren? Sie m\u00f6chten neue Erfahrungen sammeln, Ihre Sprachkenntnisse erweitern und eine neue Kultur kennenlernen?<\/p>\n<p>Zu all diesen Fragen ber\u00e4t Sie unser International Office. Weitere Informationen finden auf der Website: international.hmtm.de<\/p>\n<p>Beratung Outgoing<\/p>\n<p>PT Cindy Voigtl\u00e4nder<\/p>\n","protected":false},"excerpt":{"rendered":"<p>Sie \u00fcberlegen, einen Teil Ihres Studiums im Ausland zu absolvieren? Sie m\u00f6chten neue Erfahrungen sammeln, Ihre Sprachkenntnisse erweitern und eine neue Kultur kennenlernen? Zu all diesen Fragen ber\u00e4t Sie unser International Office. Weitere Informationen finden auf der Website: international.hmtm.de Beratung Outgoing PT Cindy Voigtl\u00e4nder<\/p>\n","protected":false},"author":10,"featured_media":0,"parent":30299,"menu_order":176,"comment_status":"closed","ping_status":"closed","template":"","meta":{"_acf_changed":false,"footnotes":""},"pagetemplate":[541],"class_list":["post-30319","page","type-page","status-publish","hentry","pagetemplate-information"],"acf":[],"yoast_head":"<!-- This site is optimized with the Yoast SEO plugin v27.1.1 - https:\/\/yoast.com\/product\/yoast-seo-wordpress\/ -->\n<title>Studying abroad - HMTM<\/title>\n<meta name=\"description\" content=\"Zu allen Fragen rund um das Studieren im Ausland ber\u00e4t Sie das International Office der Hochschule f\u00fcr Musik und Theater M\u00fcnchen.\" \/>\n<meta name=\"robots\" content=\"index, follow, max-snippet:-1, max-image-preview:large, max-video-preview:-1\" \/>\n<link rel=\"canonical\" href=\"https:\/\/hmtm.de\/en\/advice-and-help\/studying-abroad\/\" \/>\n<meta property=\"og:locale\" content=\"en_GB\" \/>\n<meta property=\"og:type\" content=\"article\" \/>\n<meta property=\"og:title\" content=\"Studying abroad - HMTM\" \/>\n<meta property=\"og:description\" content=\"Zu allen Fragen rund um das Studieren im Ausland ber\u00e4t Sie das International Office der Hochschule f\u00fcr Musik und Theater M\u00fcnchen.\" \/>\n<meta property=\"og:url\" content=\"https:\/\/hmtm.de\/en\/advice-and-help\/studying-abroad\/\" \/>\n<meta property=\"og:site_name\" content=\"HMTM\" \/>\n<meta property=\"article:publisher\" content=\"https:\/\/www.facebook.com\/Hochschule-fr-Musik-und-Theater-Mnchen-310270902396373\/\" \/>\n<meta name=\"twitter:card\" content=\"summary_large_image\" \/>\n<meta name=\"twitter:label1\" content=\"Estimated reading time\" \/>\n\t<meta name=\"twitter:data1\" content=\"1 minute\" \/>\n<script type=\"application\/ld+json\" class=\"yoast-schema-graph\">{\"@context\":\"https:\/\/schema.org\",\"@graph\":[{\"@type\":\"WebPage\",\"@id\":\"https:\/\/hmtm.de\/en\/advice-and-help\/studying-abroad\/\",\"url\":\"https:\/\/hmtm.de\/en\/advice-and-help\/studying-abroad\/\",\"name\":\"Studying abroad - HMTM\",\"isPartOf\":{\"@id\":\"https:\/\/hmtm.de\/#website\"},\"datePublished\":\"2023-10-04T12:45:35+00:00\",\"description\":\"Zu allen Fragen rund um das Studieren im Ausland ber\u00e4t Sie das International Office der Hochschule f\u00fcr Musik und Theater M\u00fcnchen.\",\"breadcrumb\":{\"@id\":\"https:\/\/hmtm.de\/en\/advice-and-help\/studying-abroad\/#breadcrumb\"},\"inLanguage\":\"en-GB\",\"potentialAction\":[{\"@type\":\"ReadAction\",\"target\":[\"https:\/\/hmtm.de\/en\/advice-and-help\/studying-abroad\/\"]}]},{\"@type\":\"BreadcrumbList\",\"@id\":\"https:\/\/hmtm.de\/en\/advice-and-help\/studying-abroad\/#breadcrumb\",\"itemListElement\":[{\"@type\":\"ListItem\",\"position\":1,\"name\":\"Startseite\",\"item\":\"https:\/\/hmtm.de\/en\/\"},{\"@type\":\"ListItem\",\"position\":2,\"name\":\"Central Student Advisory Service\",\"item\":\"https:\/\/hmtm.de\/en\/advice-and-help\/\"},{\"@type\":\"ListItem\",\"position\":3,\"name\":\"Studying abroad\"}]},{\"@type\":\"WebSite\",\"@id\":\"https:\/\/hmtm.de\/#website\",\"url\":\"https:\/\/hmtm.de\/\",\"name\":\"HMTM\",\"description\":\"Hochschule f\u00fcr Musik und Theater M\u00fcnchen\",\"publisher\":{\"@id\":\"https:\/\/hmtm.de\/#organization\"},\"potentialAction\":[{\"@type\":\"SearchAction\",\"target\":{\"@type\":\"EntryPoint\",\"urlTemplate\":\"https:\/\/hmtm.de\/?s={search_term_string}\"},\"query-input\":{\"@type\":\"PropertyValueSpecification\",\"valueRequired\":true,\"valueName\":\"search_term_string\"}}],\"inLanguage\":\"en-GB\"},{\"@type\":\"Organization\",\"@id\":\"https:\/\/hmtm.de\/#organization\",\"name\":\"Hochschule f\u00fcr Musik und Theater M\u00fcnchen\",\"url\":\"https:\/\/hmtm.de\/\",\"logo\":{\"@type\":\"ImageObject\",\"inLanguage\":\"en-GB\",\"@id\":\"https:\/\/hmtm.de\/#\/schema\/logo\/image\/\",\"url\":\"https:\/\/hmtm.de\/wp-content\/uploads\/logos\/hmtm_logo.svg\",\"contentUrl\":\"https:\/\/hmtm.de\/wp-content\/uploads\/logos\/hmtm_logo.svg\",\"caption\":\"Hochschule f\u00fcr Musik und Theater M\u00fcnchen\"},\"image\":{\"@id\":\"https:\/\/hmtm.de\/#\/schema\/logo\/image\/\"},\"sameAs\":[\"https:\/\/www.facebook.com\/Hochschule-fr-Musik-und-Theater-Mnchen-310270902396373\/\",\"https:\/\/www.youtube.com\/channel\/UCruQL0dtip2Y6-x9XM8S_cA\/\",\"https:\/\/de.linkedin.com\/school\/hochschule-f-r-musik-und-theater-m-nchen\/\",\"https:\/\/www.xing.com\/pages\/hochschulefuermusikundtheatermuenchen\",\"https:\/\/www.instagram.com\/hmtm_offiziell\/\"]}]}<\/script>\n<!-- \/ Yoast SEO plugin. -->","yoast_head_json":{"title":"Studying abroad - HMTM","description":"Zu allen Fragen rund um das Studieren im Ausland ber\u00e4t Sie das International Office der Hochschule f\u00fcr Musik und Theater M\u00fcnchen.","robots":{"index":"index","follow":"follow","max-snippet":"max-snippet:-1","max-image-preview":"max-image-preview:large","max-video-preview":"max-video-preview:-1"},"canonical":"https:\/\/hmtm.de\/en\/advice-and-help\/studying-abroad\/","og_locale":"en_GB","og_type":"article","og_title":"Studying abroad - HMTM","og_description":"Zu allen Fragen rund um das Studieren im Ausland ber\u00e4t Sie das International Office der Hochschule f\u00fcr Musik und Theater M\u00fcnchen.","og_url":"https:\/\/hmtm.de\/en\/advice-and-help\/studying-abroad\/","og_site_name":"HMTM","article_publisher":"https:\/\/www.facebook.com\/Hochschule-fr-Musik-und-Theater-Mnchen-310270902396373\/","twitter_card":"summary_large_image","twitter_misc":{"Estimated reading time":"1 minute"},"schema":{"@context":"https:\/\/schema.org","@graph":[{"@type":"WebPage","@id":"https:\/\/hmtm.de\/en\/advice-and-help\/studying-abroad\/","url":"https:\/\/hmtm.de\/en\/advice-and-help\/studying-abroad\/","name":"Studying abroad - HMTM","isPartOf":{"@id":"https:\/\/hmtm.de\/#website"},"datePublished":"2023-10-04T12:45:35+00:00","description":"Zu allen Fragen rund um das Studieren im Ausland ber\u00e4t Sie das International Office der Hochschule f\u00fcr Musik und Theater M\u00fcnchen.","breadcrumb":{"@id":"https:\/\/hmtm.de\/en\/advice-and-help\/studying-abroad\/#breadcrumb"},"inLanguage":"en-GB","potentialAction":[{"@type":"ReadAction","target":["https:\/\/hmtm.de\/en\/advice-and-help\/studying-abroad\/"]}]},{"@type":"BreadcrumbList","@id":"https:\/\/hmtm.de\/en\/advice-and-help\/studying-abroad\/#breadcrumb","itemListElement":[{"@type":"ListItem","position":1,"name":"Startseite","item":"https:\/\/hmtm.de\/en\/"},{"@type":"ListItem","position":2,"name":"Central Student Advisory Service","item":"https:\/\/hmtm.de\/en\/advice-and-help\/"},{"@type":"ListItem","position":3,"name":"Studying abroad"}]},{"@type":"WebSite","@id":"https:\/\/hmtm.de\/#website","url":"https:\/\/hmtm.de\/","name":"HMTM","description":"Hochschule f\u00fcr Musik und Theater M\u00fcnchen","publisher":{"@id":"https:\/\/hmtm.de\/#organization"},"potentialAction":[{"@type":"SearchAction","target":{"@type":"EntryPoint","urlTemplate":"https:\/\/hmtm.de\/?s={search_term_string}"},"query-input":{"@type":"PropertyValueSpecification","valueRequired":true,"valueName":"search_term_string"}}],"inLanguage":"en-GB"},{"@type":"Organization","@id":"https:\/\/hmtm.de\/#organization","name":"Hochschule f\u00fcr Musik und Theater M\u00fcnchen","url":"https:\/\/hmtm.de\/","logo":{"@type":"ImageObject","inLanguage":"en-GB","@id":"https:\/\/hmtm.de\/#\/schema\/logo\/image\/","url":"https:\/\/hmtm.de\/wp-content\/uploads\/logos\/hmtm_logo.svg","contentUrl":"https:\/\/hmtm.de\/wp-content\/uploads\/logos\/hmtm_logo.svg","caption":"Hochschule f\u00fcr Musik und Theater M\u00fcnchen"},"image":{"@id":"https:\/\/hmtm.de\/#\/schema\/logo\/image\/"},"sameAs":["https:\/\/www.facebook.com\/Hochschule-fr-Musik-und-Theater-Mnchen-310270902396373\/","https:\/\/www.youtube.com\/channel\/UCruQL0dtip2Y6-x9XM8S_cA\/","https:\/\/de.linkedin.com\/school\/hochschule-f-r-musik-und-theater-m-nchen\/","https:\/\/www.xing.com\/pages\/hochschulefuermusikundtheatermuenchen","https:\/\/www.instagram.com\/hmtm_offiziell\/"]}]}},"_links":{"self":[{"href":"https:\/\/hmtm.de\/en\/wp-json\/wp\/v2\/pages\/30319","targetHints":{"allow":["GET"]}}],"collection":[{"href":"https:\/\/hmtm.de\/en\/wp-json\/wp\/v2\/pages"}],"about":[{"href":"https:\/\/hmtm.de\/en\/wp-json\/wp\/v2\/types\/page"}],"author":[{"embeddable":true,"href":"https:\/\/hmtm.de\/en\/wp-json\/wp\/v2\/users\/10"}],"replies":[{"embeddable":true,"href":"https:\/\/hmtm.de\/en\/wp-json\/wp\/v2\/comments?post=30319"}],"version-history":[{"count":2,"href":"https:\/\/hmtm.de\/en\/wp-json\/wp\/v2\/pages\/30319\/revisions"}],"predecessor-version":[{"id":30321,"href":"https:\/\/hmtm.de\/en\/wp-json\/wp\/v2\/pages\/30319\/revisions\/30321"}],"up":[{"embeddable":true,"href":"https:\/\/hmtm.de\/en\/wp-json\/wp\/v2\/pages\/30299"}],"wp:attachment":[{"href":"https:\/\/hmtm.de\/en\/wp-json\/wp\/v2\/media?parent=30319"}],"wp:term":[{"taxonomy":"pagetemplate","embeddable":true,"href":"https:\/\/hmtm.de\/en\/wp-json\/wp\/v2\/pagetemplate?post=30319"}],"curies":[{"name":"wp","href":"https:\/\/api.w.org\/{rel}","templated":true}]}}