{"id":31015,"date":"2023-10-04T14:46:02","date_gmt":"2023-10-04T12:46:02","guid":{"rendered":"https:\/\/hmtm.de\/career-center\/veranstaltungen-career-center\/"},"modified":"2025-10-06T10:12:07","modified_gmt":"2025-10-06T08:12:07","slug":"events-career-center","status":"publish","type":"page","link":"https:\/\/hmtm.de\/en\/career-center\/events-career-center\/","title":{"rendered":"Events of the Career Center"},"content":{"rendered":"<p>Das Career Center bietet Veranstaltungen zu verschiedenen Themen rund um den Berufseinstieg f\u00fcr alle Studierenden und Absolventen*innen (bis f\u00fcnf Jahre nach Abschluss) der Hochschule f\u00fcr Musik und Theater M\u00fcnchen an. Einige Veranstaltungen finden in Kooperation mit Professoren*innen, Studieng\u00e4ngen oder Instituten der HMTM statt und sind leider nicht f\u00fcr alle Studierende ge\u00f6ffnet. Oft gibt es aber doch noch einen freien Platz, schreiben Sie bitte eine Email an <span id=\"e78193434\"><a href=\"mailto:career.center@hmtm.de\">career.center@hmtm.de<\/a><\/span> wenn Sie von einem Kurs h\u00f6ren, der Sie besonders interessiert.<\/p>\n<p>Die Anmeldung zu dem jedes Semester wechselnden, offenen Kursprogramm erfolgt f\u00fcr Studierende der Hochschule f\u00fcr Musik und Theater M\u00fcnchen per <a href=\"https:\/\/eoffice.musikhochschule-muenchen.de\">eOffice<\/a> oder per Email an <span id=\"e928946593\"><a href=\"mailto:career.center@hmtm.de\">career.center@hmtm.de<\/a><\/span>. Absolvent*innen der Hochschule f\u00fcr Musik und Theater M\u00fcnchen&nbsp;schicken zur Anmeldung bitte eine Email an <span id=\"e817431783\"><a href=\"mailto:career.center@hmtm.de\">career.center@hmtm.de<\/a><\/span>.&nbsp;<\/p>\n<p><strong>NEU: Im Rahmen einer internationalen Zusammenarbeit \u00f6ffnen die beteiligten Career Center Teile ihres Kursangebots f\u00fcr externe Studierende aus den beteiligten k\u00fcnstlerischen Hochschulen aus Deutschland, \u00d6sterreich und der Schweiz. Alle Veranstaltungen finden online statt.<br \/>\n<\/strong><strong><a href=\"https:\/\/www.udk-berlin.de\/startseite\/\" target=\"_blank\" rel=\"noopener\">Hier<\/a> finden Sie eine \u00dcbersicht \u00fcber das Angebot sowie die M\u00f6glichkeit zur Anmeldung.<\/strong><\/p>\n","protected":false},"excerpt":{"rendered":"<p>Das Career Center bietet Veranstaltungen zu verschiedenen Themen rund um den Berufseinstieg f\u00fcr alle Studierenden und Absolventen*innen (bis f\u00fcnf Jahre nach Abschluss) der Hochschule f\u00fcr Musik und Theater M\u00fcnchen an. Einige Veranstaltungen finden in Kooperation mit Professoren*innen, Studieng\u00e4ngen oder Instituten der HMTM statt und sind leider nicht f\u00fcr alle Studierende ge\u00f6ffnet. Oft gibt es aber [&hellip;]<\/p>\n","protected":false},"author":10,"featured_media":0,"parent":31009,"menu_order":342,"comment_status":"closed","ping_status":"closed","template":"","meta":{"_acf_changed":false,"footnotes":""},"pagetemplate":[541],"class_list":["post-31015","page","type-page","status-publish","hentry","pagetemplate-information"],"acf":[],"yoast_head":"<!-- This site is optimized with the Yoast SEO plugin v27.1.1 - https:\/\/yoast.com\/product\/yoast-seo-wordpress\/ -->\n<title>Events of the Career Center - HMTM<\/title>\n<meta name=\"robots\" content=\"index, follow, max-snippet:-1, max-image-preview:large, max-video-preview:-1\" \/>\n<link rel=\"canonical\" href=\"https:\/\/hmtm.de\/en\/career-center\/events-career-center\/\" \/>\n<meta property=\"og:locale\" content=\"en_GB\" \/>\n<meta property=\"og:type\" content=\"article\" \/>\n<meta property=\"og:title\" content=\"Events of the Career Center - HMTM\" \/>\n<meta property=\"og:description\" content=\"Das Career Center bietet Veranstaltungen zu verschiedenen Themen rund um den Berufseinstieg f\u00fcr alle Studierenden und Absolventen*innen (bis f\u00fcnf Jahre nach Abschluss) der Hochschule f\u00fcr Musik und Theater M\u00fcnchen an. Einige Veranstaltungen finden in Kooperation mit Professoren*innen, Studieng\u00e4ngen oder Instituten der HMTM statt und sind leider nicht f\u00fcr alle Studierende ge\u00f6ffnet. Oft gibt es aber [&hellip;]\" \/>\n<meta property=\"og:url\" content=\"https:\/\/hmtm.de\/en\/career-center\/events-career-center\/\" \/>\n<meta property=\"og:site_name\" content=\"HMTM\" \/>\n<meta property=\"article:publisher\" content=\"https:\/\/www.facebook.com\/Hochschule-fr-Musik-und-Theater-Mnchen-310270902396373\/\" \/>\n<meta property=\"article:modified_time\" content=\"2025-10-06T08:12:07+00:00\" \/>\n<meta name=\"twitter:card\" content=\"summary_large_image\" \/>\n<meta name=\"twitter:label1\" content=\"Estimated reading time\" \/>\n\t<meta name=\"twitter:data1\" content=\"1 minute\" \/>\n<script type=\"application\/ld+json\" class=\"yoast-schema-graph\">{\"@context\":\"https:\/\/schema.org\",\"@graph\":[{\"@type\":\"WebPage\",\"@id\":\"https:\/\/hmtm.de\/en\/career-center\/events-career-center\/\",\"url\":\"https:\/\/hmtm.de\/en\/career-center\/events-career-center\/\",\"name\":\"Events of the Career Center - HMTM\",\"isPartOf\":{\"@id\":\"https:\/\/hmtm.de\/#website\"},\"datePublished\":\"2023-10-04T12:46:02+00:00\",\"dateModified\":\"2025-10-06T08:12:07+00:00\",\"breadcrumb\":{\"@id\":\"https:\/\/hmtm.de\/en\/career-center\/events-career-center\/#breadcrumb\"},\"inLanguage\":\"en-GB\",\"potentialAction\":[{\"@type\":\"ReadAction\",\"target\":[\"https:\/\/hmtm.de\/en\/career-center\/events-career-center\/\"]}]},{\"@type\":\"BreadcrumbList\",\"@id\":\"https:\/\/hmtm.de\/en\/career-center\/events-career-center\/#breadcrumb\",\"itemListElement\":[{\"@type\":\"ListItem\",\"position\":1,\"name\":\"Startseite\",\"item\":\"https:\/\/hmtm.de\/en\/\"},{\"@type\":\"ListItem\",\"position\":2,\"name\":\"Career Center\",\"item\":\"https:\/\/hmtm.de\/en\/career-center\/\"},{\"@type\":\"ListItem\",\"position\":3,\"name\":\"Events of the Career Center\"}]},{\"@type\":\"WebSite\",\"@id\":\"https:\/\/hmtm.de\/#website\",\"url\":\"https:\/\/hmtm.de\/\",\"name\":\"HMTM\",\"description\":\"Hochschule f\u00fcr Musik und Theater M\u00fcnchen\",\"publisher\":{\"@id\":\"https:\/\/hmtm.de\/#organization\"},\"potentialAction\":[{\"@type\":\"SearchAction\",\"target\":{\"@type\":\"EntryPoint\",\"urlTemplate\":\"https:\/\/hmtm.de\/?s={search_term_string}\"},\"query-input\":{\"@type\":\"PropertyValueSpecification\",\"valueRequired\":true,\"valueName\":\"search_term_string\"}}],\"inLanguage\":\"en-GB\"},{\"@type\":\"Organization\",\"@id\":\"https:\/\/hmtm.de\/#organization\",\"name\":\"Hochschule f\u00fcr Musik und Theater M\u00fcnchen\",\"url\":\"https:\/\/hmtm.de\/\",\"logo\":{\"@type\":\"ImageObject\",\"inLanguage\":\"en-GB\",\"@id\":\"https:\/\/hmtm.de\/#\/schema\/logo\/image\/\",\"url\":\"https:\/\/hmtm.de\/wp-content\/uploads\/logos\/hmtm_logo.svg\",\"contentUrl\":\"https:\/\/hmtm.de\/wp-content\/uploads\/logos\/hmtm_logo.svg\",\"caption\":\"Hochschule f\u00fcr Musik und Theater M\u00fcnchen\"},\"image\":{\"@id\":\"https:\/\/hmtm.de\/#\/schema\/logo\/image\/\"},\"sameAs\":[\"https:\/\/www.facebook.com\/Hochschule-fr-Musik-und-Theater-Mnchen-310270902396373\/\",\"https:\/\/www.youtube.com\/channel\/UCruQL0dtip2Y6-x9XM8S_cA\/\",\"https:\/\/de.linkedin.com\/school\/hochschule-f-r-musik-und-theater-m-nchen\/\",\"https:\/\/www.xing.com\/pages\/hochschulefuermusikundtheatermuenchen\",\"https:\/\/www.instagram.com\/hmtm_offiziell\/\"]}]}<\/script>\n<!-- \/ Yoast SEO plugin. -->","yoast_head_json":{"title":"Events of the Career Center - HMTM","robots":{"index":"index","follow":"follow","max-snippet":"max-snippet:-1","max-image-preview":"max-image-preview:large","max-video-preview":"max-video-preview:-1"},"canonical":"https:\/\/hmtm.de\/en\/career-center\/events-career-center\/","og_locale":"en_GB","og_type":"article","og_title":"Events of the Career Center - HMTM","og_description":"Das Career Center bietet Veranstaltungen zu verschiedenen Themen rund um den Berufseinstieg f\u00fcr alle Studierenden und Absolventen*innen (bis f\u00fcnf Jahre nach Abschluss) der Hochschule f\u00fcr Musik und Theater M\u00fcnchen an. Einige Veranstaltungen finden in Kooperation mit Professoren*innen, Studieng\u00e4ngen oder Instituten der HMTM statt und sind leider nicht f\u00fcr alle Studierende ge\u00f6ffnet. Oft gibt es aber [&hellip;]","og_url":"https:\/\/hmtm.de\/en\/career-center\/events-career-center\/","og_site_name":"HMTM","article_publisher":"https:\/\/www.facebook.com\/Hochschule-fr-Musik-und-Theater-Mnchen-310270902396373\/","article_modified_time":"2025-10-06T08:12:07+00:00","twitter_card":"summary_large_image","twitter_misc":{"Estimated reading time":"1 minute"},"schema":{"@context":"https:\/\/schema.org","@graph":[{"@type":"WebPage","@id":"https:\/\/hmtm.de\/en\/career-center\/events-career-center\/","url":"https:\/\/hmtm.de\/en\/career-center\/events-career-center\/","name":"Events of the Career Center - HMTM","isPartOf":{"@id":"https:\/\/hmtm.de\/#website"},"datePublished":"2023-10-04T12:46:02+00:00","dateModified":"2025-10-06T08:12:07+00:00","breadcrumb":{"@id":"https:\/\/hmtm.de\/en\/career-center\/events-career-center\/#breadcrumb"},"inLanguage":"en-GB","potentialAction":[{"@type":"ReadAction","target":["https:\/\/hmtm.de\/en\/career-center\/events-career-center\/"]}]},{"@type":"BreadcrumbList","@id":"https:\/\/hmtm.de\/en\/career-center\/events-career-center\/#breadcrumb","itemListElement":[{"@type":"ListItem","position":1,"name":"Startseite","item":"https:\/\/hmtm.de\/en\/"},{"@type":"ListItem","position":2,"name":"Career Center","item":"https:\/\/hmtm.de\/en\/career-center\/"},{"@type":"ListItem","position":3,"name":"Events of the Career Center"}]},{"@type":"WebSite","@id":"https:\/\/hmtm.de\/#website","url":"https:\/\/hmtm.de\/","name":"HMTM","description":"Hochschule f\u00fcr Musik und Theater M\u00fcnchen","publisher":{"@id":"https:\/\/hmtm.de\/#organization"},"potentialAction":[{"@type":"SearchAction","target":{"@type":"EntryPoint","urlTemplate":"https:\/\/hmtm.de\/?s={search_term_string}"},"query-input":{"@type":"PropertyValueSpecification","valueRequired":true,"valueName":"search_term_string"}}],"inLanguage":"en-GB"},{"@type":"Organization","@id":"https:\/\/hmtm.de\/#organization","name":"Hochschule f\u00fcr Musik und Theater M\u00fcnchen","url":"https:\/\/hmtm.de\/","logo":{"@type":"ImageObject","inLanguage":"en-GB","@id":"https:\/\/hmtm.de\/#\/schema\/logo\/image\/","url":"https:\/\/hmtm.de\/wp-content\/uploads\/logos\/hmtm_logo.svg","contentUrl":"https:\/\/hmtm.de\/wp-content\/uploads\/logos\/hmtm_logo.svg","caption":"Hochschule f\u00fcr Musik und Theater M\u00fcnchen"},"image":{"@id":"https:\/\/hmtm.de\/#\/schema\/logo\/image\/"},"sameAs":["https:\/\/www.facebook.com\/Hochschule-fr-Musik-und-Theater-Mnchen-310270902396373\/","https:\/\/www.youtube.com\/channel\/UCruQL0dtip2Y6-x9XM8S_cA\/","https:\/\/de.linkedin.com\/school\/hochschule-f-r-musik-und-theater-m-nchen\/","https:\/\/www.xing.com\/pages\/hochschulefuermusikundtheatermuenchen","https:\/\/www.instagram.com\/hmtm_offiziell\/"]}]}},"_links":{"self":[{"href":"https:\/\/hmtm.de\/en\/wp-json\/wp\/v2\/pages\/31015","targetHints":{"allow":["GET"]}}],"collection":[{"href":"https:\/\/hmtm.de\/en\/wp-json\/wp\/v2\/pages"}],"about":[{"href":"https:\/\/hmtm.de\/en\/wp-json\/wp\/v2\/types\/page"}],"author":[{"embeddable":true,"href":"https:\/\/hmtm.de\/en\/wp-json\/wp\/v2\/users\/10"}],"replies":[{"embeddable":true,"href":"https:\/\/hmtm.de\/en\/wp-json\/wp\/v2\/comments?post=31015"}],"version-history":[{"count":20,"href":"https:\/\/hmtm.de\/en\/wp-json\/wp\/v2\/pages\/31015\/revisions"}],"predecessor-version":[{"id":48250,"href":"https:\/\/hmtm.de\/en\/wp-json\/wp\/v2\/pages\/31015\/revisions\/48250"}],"up":[{"embeddable":true,"href":"https:\/\/hmtm.de\/en\/wp-json\/wp\/v2\/pages\/31009"}],"wp:attachment":[{"href":"https:\/\/hmtm.de\/en\/wp-json\/wp\/v2\/media?parent=31015"}],"wp:term":[{"taxonomy":"pagetemplate","embeddable":true,"href":"https:\/\/hmtm.de\/en\/wp-json\/wp\/v2\/pagetemplate?post=31015"}],"curies":[{"name":"wp","href":"https:\/\/api.w.org\/{rel}","templated":true}]}}