{"id":31033,"date":"2023-10-04T14:45:57","date_gmt":"2023-10-04T12:45:57","guid":{"rendered":"https:\/\/hmtm.de\/tonstudio\/"},"modified":"2023-12-12T16:25:45","modified_gmt":"2023-12-12T15:25:45","slug":"recording-studio","status":"publish","type":"page","link":"https:\/\/hmtm.de\/en\/recording-studio\/","title":{"rendered":"Recording Studio"},"content":{"rendered":"<p>Im Tonstudio, einer zentralen Einrichtung unserer Hochschule, arbeitet ein Team von professionellen und erfahrenen Tonmeistern, die unsere Studierenden (und auch Lehrenden) bei Ihren Vorhaben gern unterst\u00fctzen. Jedes Studienjahr erstellt das Team des Tonstudios zahlreiche Konzertmitschnitte und Livestreams und unterst\u00fctzt die Studierenden z.B. bei Produktionen und Master-CDs. Einen \u00dcberblick \u00fcber die verschiedenen Angebote finden Sie unten auf dieser Seite.<\/p>\n<p>Bitte beachten Sie, dass w\u00e4hrend der <strong>unterrichtsfreien Zeit<\/strong> keine Aufnahmen und Konzerte mit Beteiligung des Tonstudios stattfinden. Der Verleih von Equipment erfolgt in den Semesterferien nur mittwochs zwischen 10:00 und 11:00 Uhr (Arcisstr. 12, A128).<\/p>\n<p>Bitte fragen Sie jederzeit bei uns wegen <strong>Aufnahmeterminen<\/strong> an. Die von uns im Vorfeld f\u00fcr ein Semester festgelegten Termine sind normalerweise schnell ausgebucht. Dennoch gibt es gelegentlich auch R\u00fcckgaben oder Ausf\u00e4lle wegen Erkrankung o.\u00e4., so dass auch einmal kurzfristig Termine frei werden.<\/p>\n<p>Bitte beachten Sie, dass wegen des <strong>Hygienekonzepts<\/strong> einige Vorschriften beachtet werden m\u00fcssen. So sollten Sie unbedingt Ihre Atemschutzmaske mitbringen, wenn Sie im Tonstudio gemeinsam mit dem Tonmeister abh\u00f6ren wollen. Die verbindlichen Mindestabst\u00e4nde m\u00fcssen immer eingehalten werden, auch auf der B\u00fchne w\u00e4hrend der Aufnahme.<\/p>\n","protected":false},"excerpt":{"rendered":"<p>Im Tonstudio, einer zentralen Einrichtung unserer Hochschule, arbeitet ein Team von professionellen und erfahrenen Tonmeistern, die unsere Studierenden (und auch Lehrenden) bei Ihren Vorhaben gern unterst\u00fctzen. Jedes Studienjahr erstellt das Team des Tonstudios zahlreiche Konzertmitschnitte und Livestreams und unterst\u00fctzt die Studierenden z.B. bei Produktionen und Master-CDs. Einen \u00dcberblick \u00fcber die verschiedenen Angebote finden Sie unten [&hellip;]<\/p>\n","protected":false},"author":7,"featured_media":0,"parent":0,"menu_order":312,"comment_status":"closed","ping_status":"closed","template":"","meta":{"_acf_changed":false,"footnotes":""},"pagetemplate":[542],"class_list":["post-31033","page","type-page","status-publish","hentry","pagetemplate-akkordeon"],"acf":[],"yoast_head":"<!-- This site is optimized with the Yoast SEO plugin v27.1.1 - https:\/\/yoast.com\/product\/yoast-seo-wordpress\/ -->\n<title>Recording Studio - HMTM<\/title>\n<meta name=\"description\" content=\"Professionelle Tonmeister im Tonstudio der HMTM unterst\u00fctzen unsere Studierenden mit Audio- und Videoaufnahmen, Konzertmitschnitten u.v.m.\" \/>\n<meta name=\"robots\" content=\"index, follow, max-snippet:-1, max-image-preview:large, max-video-preview:-1\" \/>\n<link rel=\"canonical\" href=\"https:\/\/hmtm.de\/en\/recording-studio\/\" \/>\n<meta property=\"og:locale\" content=\"en_GB\" \/>\n<meta property=\"og:type\" content=\"article\" \/>\n<meta property=\"og:title\" content=\"Recording Studio - HMTM\" \/>\n<meta property=\"og:description\" content=\"Professionelle Tonmeister im Tonstudio der HMTM unterst\u00fctzen unsere Studierenden mit Audio- und Videoaufnahmen, Konzertmitschnitten u.v.m.\" \/>\n<meta property=\"og:url\" content=\"https:\/\/hmtm.de\/en\/recording-studio\/\" \/>\n<meta property=\"og:site_name\" content=\"HMTM\" \/>\n<meta property=\"article:publisher\" content=\"https:\/\/www.facebook.com\/Hochschule-fr-Musik-und-Theater-Mnchen-310270902396373\/\" \/>\n<meta property=\"article:modified_time\" content=\"2023-12-12T15:25:45+00:00\" \/>\n<meta name=\"twitter:card\" content=\"summary_large_image\" \/>\n<meta name=\"twitter:label1\" content=\"Estimated reading time\" \/>\n\t<meta name=\"twitter:data1\" content=\"1 minute\" \/>\n<script type=\"application\/ld+json\" class=\"yoast-schema-graph\">{\"@context\":\"https:\/\/schema.org\",\"@graph\":[{\"@type\":\"WebPage\",\"@id\":\"https:\/\/hmtm.de\/en\/recording-studio\/\",\"url\":\"https:\/\/hmtm.de\/en\/recording-studio\/\",\"name\":\"Recording Studio - HMTM\",\"isPartOf\":{\"@id\":\"https:\/\/hmtm.de\/#website\"},\"datePublished\":\"2023-10-04T12:45:57+00:00\",\"dateModified\":\"2023-12-12T15:25:45+00:00\",\"description\":\"Professionelle Tonmeister im Tonstudio der HMTM unterst\u00fctzen unsere Studierenden mit Audio- und Videoaufnahmen, Konzertmitschnitten u.v.m.\",\"breadcrumb\":{\"@id\":\"https:\/\/hmtm.de\/en\/recording-studio\/#breadcrumb\"},\"inLanguage\":\"en-GB\",\"potentialAction\":[{\"@type\":\"ReadAction\",\"target\":[\"https:\/\/hmtm.de\/en\/recording-studio\/\"]}]},{\"@type\":\"BreadcrumbList\",\"@id\":\"https:\/\/hmtm.de\/en\/recording-studio\/#breadcrumb\",\"itemListElement\":[{\"@type\":\"ListItem\",\"position\":1,\"name\":\"Startseite\",\"item\":\"https:\/\/hmtm.de\/en\/\"},{\"@type\":\"ListItem\",\"position\":2,\"name\":\"Recording Studio\"}]},{\"@type\":\"WebSite\",\"@id\":\"https:\/\/hmtm.de\/#website\",\"url\":\"https:\/\/hmtm.de\/\",\"name\":\"HMTM\",\"description\":\"Hochschule f\u00fcr Musik und Theater M\u00fcnchen\",\"publisher\":{\"@id\":\"https:\/\/hmtm.de\/#organization\"},\"potentialAction\":[{\"@type\":\"SearchAction\",\"target\":{\"@type\":\"EntryPoint\",\"urlTemplate\":\"https:\/\/hmtm.de\/?s={search_term_string}\"},\"query-input\":{\"@type\":\"PropertyValueSpecification\",\"valueRequired\":true,\"valueName\":\"search_term_string\"}}],\"inLanguage\":\"en-GB\"},{\"@type\":\"Organization\",\"@id\":\"https:\/\/hmtm.de\/#organization\",\"name\":\"Hochschule f\u00fcr Musik und Theater M\u00fcnchen\",\"url\":\"https:\/\/hmtm.de\/\",\"logo\":{\"@type\":\"ImageObject\",\"inLanguage\":\"en-GB\",\"@id\":\"https:\/\/hmtm.de\/#\/schema\/logo\/image\/\",\"url\":\"https:\/\/hmtm.de\/wp-content\/uploads\/logos\/hmtm_logo.svg\",\"contentUrl\":\"https:\/\/hmtm.de\/wp-content\/uploads\/logos\/hmtm_logo.svg\",\"caption\":\"Hochschule f\u00fcr Musik und Theater M\u00fcnchen\"},\"image\":{\"@id\":\"https:\/\/hmtm.de\/#\/schema\/logo\/image\/\"},\"sameAs\":[\"https:\/\/www.facebook.com\/Hochschule-fr-Musik-und-Theater-Mnchen-310270902396373\/\",\"https:\/\/www.youtube.com\/channel\/UCruQL0dtip2Y6-x9XM8S_cA\/\",\"https:\/\/de.linkedin.com\/school\/hochschule-f-r-musik-und-theater-m-nchen\/\",\"https:\/\/www.xing.com\/pages\/hochschulefuermusikundtheatermuenchen\",\"https:\/\/www.instagram.com\/hmtm_offiziell\/\"]}]}<\/script>\n<!-- \/ Yoast SEO plugin. -->","yoast_head_json":{"title":"Recording Studio - HMTM","description":"Professionelle Tonmeister im Tonstudio der HMTM unterst\u00fctzen unsere Studierenden mit Audio- und Videoaufnahmen, Konzertmitschnitten u.v.m.","robots":{"index":"index","follow":"follow","max-snippet":"max-snippet:-1","max-image-preview":"max-image-preview:large","max-video-preview":"max-video-preview:-1"},"canonical":"https:\/\/hmtm.de\/en\/recording-studio\/","og_locale":"en_GB","og_type":"article","og_title":"Recording Studio - HMTM","og_description":"Professionelle Tonmeister im Tonstudio der HMTM unterst\u00fctzen unsere Studierenden mit Audio- und Videoaufnahmen, Konzertmitschnitten u.v.m.","og_url":"https:\/\/hmtm.de\/en\/recording-studio\/","og_site_name":"HMTM","article_publisher":"https:\/\/www.facebook.com\/Hochschule-fr-Musik-und-Theater-Mnchen-310270902396373\/","article_modified_time":"2023-12-12T15:25:45+00:00","twitter_card":"summary_large_image","twitter_misc":{"Estimated reading time":"1 minute"},"schema":{"@context":"https:\/\/schema.org","@graph":[{"@type":"WebPage","@id":"https:\/\/hmtm.de\/en\/recording-studio\/","url":"https:\/\/hmtm.de\/en\/recording-studio\/","name":"Recording Studio - HMTM","isPartOf":{"@id":"https:\/\/hmtm.de\/#website"},"datePublished":"2023-10-04T12:45:57+00:00","dateModified":"2023-12-12T15:25:45+00:00","description":"Professionelle Tonmeister im Tonstudio der HMTM unterst\u00fctzen unsere Studierenden mit Audio- und Videoaufnahmen, Konzertmitschnitten u.v.m.","breadcrumb":{"@id":"https:\/\/hmtm.de\/en\/recording-studio\/#breadcrumb"},"inLanguage":"en-GB","potentialAction":[{"@type":"ReadAction","target":["https:\/\/hmtm.de\/en\/recording-studio\/"]}]},{"@type":"BreadcrumbList","@id":"https:\/\/hmtm.de\/en\/recording-studio\/#breadcrumb","itemListElement":[{"@type":"ListItem","position":1,"name":"Startseite","item":"https:\/\/hmtm.de\/en\/"},{"@type":"ListItem","position":2,"name":"Recording Studio"}]},{"@type":"WebSite","@id":"https:\/\/hmtm.de\/#website","url":"https:\/\/hmtm.de\/","name":"HMTM","description":"Hochschule f\u00fcr Musik und Theater M\u00fcnchen","publisher":{"@id":"https:\/\/hmtm.de\/#organization"},"potentialAction":[{"@type":"SearchAction","target":{"@type":"EntryPoint","urlTemplate":"https:\/\/hmtm.de\/?s={search_term_string}"},"query-input":{"@type":"PropertyValueSpecification","valueRequired":true,"valueName":"search_term_string"}}],"inLanguage":"en-GB"},{"@type":"Organization","@id":"https:\/\/hmtm.de\/#organization","name":"Hochschule f\u00fcr Musik und Theater M\u00fcnchen","url":"https:\/\/hmtm.de\/","logo":{"@type":"ImageObject","inLanguage":"en-GB","@id":"https:\/\/hmtm.de\/#\/schema\/logo\/image\/","url":"https:\/\/hmtm.de\/wp-content\/uploads\/logos\/hmtm_logo.svg","contentUrl":"https:\/\/hmtm.de\/wp-content\/uploads\/logos\/hmtm_logo.svg","caption":"Hochschule f\u00fcr Musik und Theater M\u00fcnchen"},"image":{"@id":"https:\/\/hmtm.de\/#\/schema\/logo\/image\/"},"sameAs":["https:\/\/www.facebook.com\/Hochschule-fr-Musik-und-Theater-Mnchen-310270902396373\/","https:\/\/www.youtube.com\/channel\/UCruQL0dtip2Y6-x9XM8S_cA\/","https:\/\/de.linkedin.com\/school\/hochschule-f-r-musik-und-theater-m-nchen\/","https:\/\/www.xing.com\/pages\/hochschulefuermusikundtheatermuenchen","https:\/\/www.instagram.com\/hmtm_offiziell\/"]}]}},"_links":{"self":[{"href":"https:\/\/hmtm.de\/en\/wp-json\/wp\/v2\/pages\/31033","targetHints":{"allow":["GET"]}}],"collection":[{"href":"https:\/\/hmtm.de\/en\/wp-json\/wp\/v2\/pages"}],"about":[{"href":"https:\/\/hmtm.de\/en\/wp-json\/wp\/v2\/types\/page"}],"author":[{"embeddable":true,"href":"https:\/\/hmtm.de\/en\/wp-json\/wp\/v2\/users\/7"}],"replies":[{"embeddable":true,"href":"https:\/\/hmtm.de\/en\/wp-json\/wp\/v2\/comments?post=31033"}],"version-history":[{"count":4,"href":"https:\/\/hmtm.de\/en\/wp-json\/wp\/v2\/pages\/31033\/revisions"}],"predecessor-version":[{"id":34245,"href":"https:\/\/hmtm.de\/en\/wp-json\/wp\/v2\/pages\/31033\/revisions\/34245"}],"wp:attachment":[{"href":"https:\/\/hmtm.de\/en\/wp-json\/wp\/v2\/media?parent=31033"}],"wp:term":[{"taxonomy":"pagetemplate","embeddable":true,"href":"https:\/\/hmtm.de\/en\/wp-json\/wp\/v2\/pagetemplate?post=31033"}],"curies":[{"name":"wp","href":"https:\/\/api.w.org\/{rel}","templated":true}]}}