{"id":31051,"date":"2023-10-04T14:46:05","date_gmt":"2023-10-04T12:46:05","guid":{"rendered":"https:\/\/hmtm.de\/evaluation\/"},"modified":"2023-12-19T14:41:14","modified_gmt":"2023-12-19T13:41:14","slug":"evaluation","status":"publish","type":"page","link":"https:\/\/hmtm.de\/en\/quality-management\/evaluation\/","title":{"rendered":"Evaluation"},"content":{"rendered":"<p>Evaluation ist die Sammlung, Auswertung und Interpretation von Daten. Die kann der Wissenverbreiterung, der Beobachtung bzw. Kontrolle und der Weiterentwicklung von Angeboten, Ma\u00dfnahmen, Programmen usw. dienen. Daten m\u00fcssen nicht nur sinnvoll erhoben werden, es muss auch \u00fcberpr\u00fcft werden, ob die erhobenen Daten den Gegenstand, den sie untersuchen, angemessen darstellen. Daten k\u00f6nnen und m\u00fcssen daher auf unterschiedliche Weise generiert werden, um dem Zweck und Gegenstand der \u00dcberpr\u00fcfung angemessen zu sein. Neben den sehr verbreiteten standardisierten, quantitativen Datenerhebungen (Fragebogen), gibt es zahlreiche weitere M\u00f6glichkeiten der Datengewinnung, die je nach Ziel und Zweck in Betracht gezogen werden k\u00f6nnen und m\u00fcssen.<\/p>\n<p>&nbsp;<\/p>\n<h4>Ziele<\/h4>\n<p>Die Sammlung und Bewertung von Informationen \u00fcber die Zufriedenheit der Studierenden mit Lehrveranstaltungen, Studieng\u00e4ngen, der Pr\u00fcfungsorganisation oder speziell in Musikhochschulen wichtigen Rahmenbedingungen, wie \u00dcbem\u00f6glichkeiten oder individuell ausgestaltete Studienm\u00f6glichkeiten sind den Hochschulen z. T. vorgegeben, um die notwendigen Akkreditierungen f\u00fcr ihre Studieng\u00e4nge bzw. f\u00fcr die Hochschule zu erhalten. Diese Informationen sollen aber nicht nur diesem Zweck dienen, sondern zu Entwicklungen, Ver\u00e4nderungen beitragen oder auch als Grundlage f\u00fcr die Beibehaltung bew\u00e4hrter Strukturen dienen. Die Ergebnisse von Datenerhebungen bei Studierenden m\u00fcssen hierf\u00fcr wahrgenommen und diskutiert werden. Wo es notwendig, sinnvoll oder m\u00f6glich erscheint, sollen entsprechende Ma\u00dfnahmen aus der Befragung von Studierenden abgeleitet werden.<\/p>\n<p>Insgesamt soll durch die verschiedenen Evaluationen eine Beitrag zum Gespr\u00e4ch \u00fcber Qualit\u00e4t in der Lehre geleistet werden, dar\u00fcber was gute Lehre an einer Musikhochschule ausmacht. Der Austausch \u00fcber die Erwartungen von Studierenden und Lehrenden aneinander soll gest\u00e4rkt werden.<\/p>\n<p>&nbsp;<\/p>\n<h3>Schwierigkeiten und Besonderheiten an einer Musikhochschule<\/h3>\n<p>Die Anforderungen an insbesondere quantitative Erhebungen im Rahmen von Studierendenbefragungen, der Durchf\u00fchrung, Auswertung und die Verwertbarkeit der so erhobenen Daten, fu\u00dfen auf den Erfahrungen der wissenschaftlichen Universit\u00e4ten und Hochschulen f\u00fcr angewandte Wissenschaften. Quantitative Erhebungen setzten im Regelfall eine gro\u00dfe Teilnehmer*innenschaft voraus, um Verzerrungen durch einzelne, abweichende Einsch\u00e4tzungen zu verhindern. In Musikhochschulen sind solche Teilnehmer*innenzahlen an Befragungen, wie sie in wissenschaftlichen Universit\u00e4ten und Hochschulen f\u00fcr angewandte Wissenschaften in der Regel der Fall sind, nicht zu erreichen. Dennoch k\u00f6nnen auch hier Daten erhoben und sinnvoll ausgewertet werden, die Studierenden auch in dieser Weise befragt werden, allerdings m\u00fcssen die engeren Grenzen der Herstellbarkeit und Aussagekraft von Daten aus sehr kleinen Gruppen gesehen und beachtet werden.<\/p>\n<p>Vor allem der Wunsch nach Anonymit\u00e4t ist an einer kleinen, spezialisierten Hochschule mit wenigen Studierenden in den einzelnen Studieng\u00e4ngen ungleich schwerer erf\u00fcllbar als an wissenschaftlichen Universit\u00e4ten und Hochschulen f\u00fcr angewandte Wissenschaften.<\/p>\n<p>&nbsp;<\/p>\n<p>H\u00e4ufigkeit, Angemessenheit<\/p>\n<p>Ein Studium setzt sich aus vielen einzelnen Bausteinen zusammen, die, wenn sie gut aufeinander abgestimmt sind, jeweils zum Gelingen beitragen &#8211; eine gute Lehrveranstaltung f\u00fchrt zu bestandenen Pr\u00fcfungen, eine gute Betreuung zu erfolgreichen Bachelor- und Masterarbeiten, guter Unterricht zu Sicherheit im Fach usw. Jeden dieser Bausteine von allen Studierenden bewerten zu lassen w\u00fcrde zu einer andauernden Befragung f\u00fchren. Evaluation muss sinnvoll und dosiert eingesetzt werden, um einen \u00dcberreiz und damit eine Gleichg\u00fcltigkeit zu verhindern.<\/p>\n<p>&nbsp;<\/p>\n<p>Ergebnisse<\/p>\n<p>Ergebnisse von Evaluationen werden auf unterschiedlichen Ebenen erzielt, auf Lehrveranstaltungsebene, Modulebene, Studiengangsebene oder Hochschulebene. Au\u00dferdem k\u00f6nnen Evaluationen Ergebnisse f\u00fcr fachspezifische Veranstaltungen oder f\u00fcr eine bestimmte Studierendengruppe (Klasse einer\/s Lehrenden) generieren. Die Ergebnisse sollen anschlie\u00dfend auf dieser Ebene interpretiert und diskutiert werden. Zus\u00e4tzlich k\u00f6nnen die Ergebnisse in einem h\u00f6heren Grad der Aggregierung weiteren Diskussionen ge\u00f6ffnet werden. Ergebnisse einzelner Evaluationen sowie ein \u00dcbersichtsbericht werden regelm\u00e4\u00dfig bzw. nach Anfall in der Hochschule ver\u00f6ffentlicht.<\/p>\n<p>&nbsp;<\/p>\n<p>Frageb\u00f6gen der HMTM<\/p>\n<p>Fragebogen zur Lehrveranstaltungsevaluation &#8211; online (immer im Wintersemester)<br \/>\nFragebogen zum Einzelunterricht &#8211; online (immer im Sommersemester)<br \/>\nFragebogen der Ballettakademie &#8211; paper-pencil (immer im Sommersemester)<br \/>\nStudienabschlussbefragung &#8211; hybrid (wenn das Abschlusszeugnis ausgegeben wird)<\/p>\n","protected":false},"excerpt":{"rendered":"<p>Evaluation ist die Sammlung, Auswertung und Interpretation von Daten. Die kann der Wissenverbreiterung, der Beobachtung bzw. Kontrolle und der Weiterentwicklung von Angeboten, Ma\u00dfnahmen, Programmen usw. dienen. Daten m\u00fcssen nicht nur sinnvoll erhoben werden, es muss auch \u00fcberpr\u00fcft werden, ob die erhobenen Daten den Gegenstand, den sie untersuchen, angemessen darstellen. Daten k\u00f6nnen und m\u00fcssen daher auf [&hellip;]<\/p>\n","protected":false},"author":10,"featured_media":0,"parent":31040,"menu_order":378,"comment_status":"closed","ping_status":"closed","template":"","meta":{"_acf_changed":false,"footnotes":""},"pagetemplate":[541],"class_list":["post-31051","page","type-page","status-publish","hentry","pagetemplate-information"],"acf":[],"yoast_head":"<!-- This site is optimized with the Yoast SEO plugin v27.4 - https:\/\/yoast.com\/product\/yoast-seo-wordpress\/ -->\n<title>Evaluation - HMTM<\/title>\n<meta name=\"robots\" content=\"index, follow, max-snippet:-1, max-image-preview:large, max-video-preview:-1\" \/>\n<link rel=\"canonical\" href=\"https:\/\/hmtm.de\/en\/quality-management\/evaluation\/\" \/>\n<meta property=\"og:locale\" content=\"en_GB\" \/>\n<meta property=\"og:type\" content=\"article\" \/>\n<meta property=\"og:title\" content=\"Evaluation - HMTM\" \/>\n<meta property=\"og:description\" content=\"Evaluation ist die Sammlung, Auswertung und Interpretation von Daten. Die kann der Wissenverbreiterung, der Beobachtung bzw. Kontrolle und der Weiterentwicklung von Angeboten, Ma\u00dfnahmen, Programmen usw. dienen. Daten m\u00fcssen nicht nur sinnvoll erhoben werden, es muss auch \u00fcberpr\u00fcft werden, ob die erhobenen Daten den Gegenstand, den sie untersuchen, angemessen darstellen. Daten k\u00f6nnen und m\u00fcssen daher auf [&hellip;]\" \/>\n<meta property=\"og:url\" content=\"https:\/\/hmtm.de\/en\/quality-management\/evaluation\/\" \/>\n<meta property=\"og:site_name\" content=\"HMTM\" \/>\n<meta property=\"article:publisher\" content=\"https:\/\/www.facebook.com\/Hochschule-fr-Musik-und-Theater-Mnchen-310270902396373\/\" \/>\n<meta property=\"article:modified_time\" content=\"2023-12-19T13:41:14+00:00\" \/>\n<meta name=\"twitter:card\" content=\"summary_large_image\" \/>\n<meta name=\"twitter:label1\" content=\"Estimated reading time\" \/>\n\t<meta name=\"twitter:data1\" content=\"4 minutes\" \/>\n<script type=\"application\/ld+json\" class=\"yoast-schema-graph\">{\"@context\":\"https:\\\/\\\/schema.org\",\"@graph\":[{\"@type\":\"WebPage\",\"@id\":\"https:\\\/\\\/hmtm.de\\\/en\\\/quality-management\\\/evaluation\\\/\",\"url\":\"https:\\\/\\\/hmtm.de\\\/en\\\/quality-management\\\/evaluation\\\/\",\"name\":\"Evaluation - HMTM\",\"isPartOf\":{\"@id\":\"https:\\\/\\\/hmtm.de\\\/#website\"},\"datePublished\":\"2023-10-04T12:46:05+00:00\",\"dateModified\":\"2023-12-19T13:41:14+00:00\",\"breadcrumb\":{\"@id\":\"https:\\\/\\\/hmtm.de\\\/en\\\/quality-management\\\/evaluation\\\/#breadcrumb\"},\"inLanguage\":\"en-GB\",\"potentialAction\":[{\"@type\":\"ReadAction\",\"target\":[\"https:\\\/\\\/hmtm.de\\\/en\\\/quality-management\\\/evaluation\\\/\"]}]},{\"@type\":\"BreadcrumbList\",\"@id\":\"https:\\\/\\\/hmtm.de\\\/en\\\/quality-management\\\/evaluation\\\/#breadcrumb\",\"itemListElement\":[{\"@type\":\"ListItem\",\"position\":1,\"name\":\"Startseite\",\"item\":\"https:\\\/\\\/hmtm.de\\\/en\\\/\"},{\"@type\":\"ListItem\",\"position\":2,\"name\":\"System accreditation\",\"item\":\"https:\\\/\\\/hmtm.de\\\/en\\\/quality-management\\\/\"},{\"@type\":\"ListItem\",\"position\":3,\"name\":\"Evaluation\"}]},{\"@type\":\"WebSite\",\"@id\":\"https:\\\/\\\/hmtm.de\\\/#website\",\"url\":\"https:\\\/\\\/hmtm.de\\\/\",\"name\":\"HMTM\",\"description\":\"Hochschule f\u00fcr Musik und Theater M\u00fcnchen\",\"publisher\":{\"@id\":\"https:\\\/\\\/hmtm.de\\\/#organization\"},\"potentialAction\":[{\"@type\":\"SearchAction\",\"target\":{\"@type\":\"EntryPoint\",\"urlTemplate\":\"https:\\\/\\\/hmtm.de\\\/?s={search_term_string}\"},\"query-input\":{\"@type\":\"PropertyValueSpecification\",\"valueRequired\":true,\"valueName\":\"search_term_string\"}}],\"inLanguage\":\"en-GB\"},{\"@type\":\"Organization\",\"@id\":\"https:\\\/\\\/hmtm.de\\\/#organization\",\"name\":\"Hochschule f\u00fcr Musik und Theater M\u00fcnchen\",\"url\":\"https:\\\/\\\/hmtm.de\\\/\",\"logo\":{\"@type\":\"ImageObject\",\"inLanguage\":\"en-GB\",\"@id\":\"https:\\\/\\\/hmtm.de\\\/#\\\/schema\\\/logo\\\/image\\\/\",\"url\":\"https:\\\/\\\/hmtm.de\\\/wp-content\\\/uploads\\\/logos\\\/hmtm_logo.svg\",\"contentUrl\":\"https:\\\/\\\/hmtm.de\\\/wp-content\\\/uploads\\\/logos\\\/hmtm_logo.svg\",\"caption\":\"Hochschule f\u00fcr Musik und Theater M\u00fcnchen\"},\"image\":{\"@id\":\"https:\\\/\\\/hmtm.de\\\/#\\\/schema\\\/logo\\\/image\\\/\"},\"sameAs\":[\"https:\\\/\\\/www.facebook.com\\\/Hochschule-fr-Musik-und-Theater-Mnchen-310270902396373\\\/\",\"https:\\\/\\\/www.youtube.com\\\/channel\\\/UCruQL0dtip2Y6-x9XM8S_cA\\\/\",\"https:\\\/\\\/de.linkedin.com\\\/school\\\/hochschule-f-r-musik-und-theater-m-nchen\\\/\",\"https:\\\/\\\/www.xing.com\\\/pages\\\/hochschulefuermusikundtheatermuenchen\",\"https:\\\/\\\/www.instagram.com\\\/hmtm_offiziell\\\/\"]}]}<\/script>\n<!-- \/ Yoast SEO plugin. -->","yoast_head_json":{"title":"Evaluation - HMTM","robots":{"index":"index","follow":"follow","max-snippet":"max-snippet:-1","max-image-preview":"max-image-preview:large","max-video-preview":"max-video-preview:-1"},"canonical":"https:\/\/hmtm.de\/en\/quality-management\/evaluation\/","og_locale":"en_GB","og_type":"article","og_title":"Evaluation - HMTM","og_description":"Evaluation ist die Sammlung, Auswertung und Interpretation von Daten. Die kann der Wissenverbreiterung, der Beobachtung bzw. Kontrolle und der Weiterentwicklung von Angeboten, Ma\u00dfnahmen, Programmen usw. dienen. Daten m\u00fcssen nicht nur sinnvoll erhoben werden, es muss auch \u00fcberpr\u00fcft werden, ob die erhobenen Daten den Gegenstand, den sie untersuchen, angemessen darstellen. Daten k\u00f6nnen und m\u00fcssen daher auf [&hellip;]","og_url":"https:\/\/hmtm.de\/en\/quality-management\/evaluation\/","og_site_name":"HMTM","article_publisher":"https:\/\/www.facebook.com\/Hochschule-fr-Musik-und-Theater-Mnchen-310270902396373\/","article_modified_time":"2023-12-19T13:41:14+00:00","twitter_card":"summary_large_image","twitter_misc":{"Estimated reading time":"4 minutes"},"schema":{"@context":"https:\/\/schema.org","@graph":[{"@type":"WebPage","@id":"https:\/\/hmtm.de\/en\/quality-management\/evaluation\/","url":"https:\/\/hmtm.de\/en\/quality-management\/evaluation\/","name":"Evaluation - HMTM","isPartOf":{"@id":"https:\/\/hmtm.de\/#website"},"datePublished":"2023-10-04T12:46:05+00:00","dateModified":"2023-12-19T13:41:14+00:00","breadcrumb":{"@id":"https:\/\/hmtm.de\/en\/quality-management\/evaluation\/#breadcrumb"},"inLanguage":"en-GB","potentialAction":[{"@type":"ReadAction","target":["https:\/\/hmtm.de\/en\/quality-management\/evaluation\/"]}]},{"@type":"BreadcrumbList","@id":"https:\/\/hmtm.de\/en\/quality-management\/evaluation\/#breadcrumb","itemListElement":[{"@type":"ListItem","position":1,"name":"Startseite","item":"https:\/\/hmtm.de\/en\/"},{"@type":"ListItem","position":2,"name":"System accreditation","item":"https:\/\/hmtm.de\/en\/quality-management\/"},{"@type":"ListItem","position":3,"name":"Evaluation"}]},{"@type":"WebSite","@id":"https:\/\/hmtm.de\/#website","url":"https:\/\/hmtm.de\/","name":"HMTM","description":"Hochschule f\u00fcr Musik und Theater M\u00fcnchen","publisher":{"@id":"https:\/\/hmtm.de\/#organization"},"potentialAction":[{"@type":"SearchAction","target":{"@type":"EntryPoint","urlTemplate":"https:\/\/hmtm.de\/?s={search_term_string}"},"query-input":{"@type":"PropertyValueSpecification","valueRequired":true,"valueName":"search_term_string"}}],"inLanguage":"en-GB"},{"@type":"Organization","@id":"https:\/\/hmtm.de\/#organization","name":"Hochschule f\u00fcr Musik und Theater M\u00fcnchen","url":"https:\/\/hmtm.de\/","logo":{"@type":"ImageObject","inLanguage":"en-GB","@id":"https:\/\/hmtm.de\/#\/schema\/logo\/image\/","url":"https:\/\/hmtm.de\/wp-content\/uploads\/logos\/hmtm_logo.svg","contentUrl":"https:\/\/hmtm.de\/wp-content\/uploads\/logos\/hmtm_logo.svg","caption":"Hochschule f\u00fcr Musik und Theater M\u00fcnchen"},"image":{"@id":"https:\/\/hmtm.de\/#\/schema\/logo\/image\/"},"sameAs":["https:\/\/www.facebook.com\/Hochschule-fr-Musik-und-Theater-Mnchen-310270902396373\/","https:\/\/www.youtube.com\/channel\/UCruQL0dtip2Y6-x9XM8S_cA\/","https:\/\/de.linkedin.com\/school\/hochschule-f-r-musik-und-theater-m-nchen\/","https:\/\/www.xing.com\/pages\/hochschulefuermusikundtheatermuenchen","https:\/\/www.instagram.com\/hmtm_offiziell\/"]}]}},"_links":{"self":[{"href":"https:\/\/hmtm.de\/en\/wp-json\/wp\/v2\/pages\/31051","targetHints":{"allow":["GET"]}}],"collection":[{"href":"https:\/\/hmtm.de\/en\/wp-json\/wp\/v2\/pages"}],"about":[{"href":"https:\/\/hmtm.de\/en\/wp-json\/wp\/v2\/types\/page"}],"author":[{"embeddable":true,"href":"https:\/\/hmtm.de\/en\/wp-json\/wp\/v2\/users\/10"}],"replies":[{"embeddable":true,"href":"https:\/\/hmtm.de\/en\/wp-json\/wp\/v2\/comments?post=31051"}],"version-history":[{"count":5,"href":"https:\/\/hmtm.de\/en\/wp-json\/wp\/v2\/pages\/31051\/revisions"}],"predecessor-version":[{"id":34359,"href":"https:\/\/hmtm.de\/en\/wp-json\/wp\/v2\/pages\/31051\/revisions\/34359"}],"up":[{"embeddable":true,"href":"https:\/\/hmtm.de\/en\/wp-json\/wp\/v2\/pages\/31040"}],"wp:attachment":[{"href":"https:\/\/hmtm.de\/en\/wp-json\/wp\/v2\/media?parent=31051"}],"wp:term":[{"taxonomy":"pagetemplate","embeddable":true,"href":"https:\/\/hmtm.de\/en\/wp-json\/wp\/v2\/pagetemplate?post=31051"}],"curies":[{"name":"wp","href":"https:\/\/api.w.org\/{rel}","templated":true}]}}