{"id":39071,"date":"2024-07-31T14:39:51","date_gmt":"2024-07-31T12:39:51","guid":{"rendered":"https:\/\/hmtm.de\/respect-and-trust\/hinweisgeberschutzgesetz\/"},"modified":"2024-08-01T15:23:08","modified_gmt":"2024-08-01T13:23:08","slug":"whistleblower-protection-act","status":"publish","type":"page","link":"https:\/\/hmtm.de\/en\/respect-and-trust\/whistleblower-protection-act\/","title":{"rendered":"Reporting office according to the Whistleblower Protection Act"},"content":{"rendered":"<p>In Umsetzung des Gesetzes f\u00fcr einen besseren Schutz hinweisgebender Personen (Hinweisgeberschutzgesetz) vom 31. Mai 2023 hat die Bayerische Staatsregierung eine unabh\u00e4ngige Meldestelle f\u00fcr alle Besch\u00e4ftigten der HMTM in Lehre und Verwaltung, der anderen f\u00fcnf bayerischen Kunsthochschulen und weiterer staatlichen Kultureinrichtungen eingerichtet.<\/p>\n<p>Bei dieser unabh\u00e4ngigen Stelle k\u00f6nnen Besch\u00e4ftigte der HMTM in Lehre und Verwaltung Rechtsverst\u00f6\u00dfe, die ihnen im Zusammenhang mit ihrer beruflichen T\u00e4tigkeit bekannt geworden sind, melden. Gemeldet werden k\u00f6nnen Verst\u00f6\u00dfe in Form von Handlungen oder Unterlassungen gegen Bundes- oder Landesgesetze sowie unmittelbar geltendes EU-Recht in Bereichen, in denen auch ein \u00f6ffentliches Interesse an einer Aufdeckung von Fehlverhalten besteht. Die meldenden Mitarbeiter*innen sind durch das Gesetz in besonderer Weise gesch\u00fctzt.<\/p>\n<p>Die Meldestelle, die u.a. f\u00fcr unsere Hochschule zust\u00e4ndig ist, ist:<\/p>\n<p><strong>Interne Meldestelle des Zentralen Dienstes der Bayerischen Staatstheater:<\/strong><br \/>\nZentraler Dienst der Bayerischen Staatstheater, Interne Meldestelle, Alter Hof 3, 80803 M\u00fcnchen<br \/>\nE-Mail: <a href=\"mailto:hinweisgeberschutz@staatstheater.bayern.de\" target=\"_blank\" rel=\"noopener\">hinweisgeberschutz@staatstheater.bayern.de<\/a><br \/>\nTelefon: 089-2185-1866<\/p>\n<p>Zus\u00e4tzlich besteht diese Meldestelle auf Bundesebene:<\/p>\n<p><strong>Externe Meldestelle des Bundesamtes f\u00fcr Justiz:<\/strong><br \/>\nBundesamt f\u00fcr Justiz, Externe Meldestelle des Bundes, 53094 Bonn<br \/>\nE-Mail: <a href=\"mailto:hinweisgeberstelle@bfj.bund.de\" target=\"_blank\" rel=\"noopener\">hinweisgeberstelle@bfj.bund.de<\/a><br \/>\nTelefon: 0228-99 410 6644<\/p>\n","protected":false},"excerpt":{"rendered":"<p>In Umsetzung des Gesetzes f\u00fcr einen besseren Schutz hinweisgebender Personen (Hinweisgeberschutzgesetz) vom 31. Mai 2023 hat die Bayerische Staatsregierung eine unabh\u00e4ngige Meldestelle f\u00fcr alle Besch\u00e4ftigten der HMTM in Lehre und Verwaltung, der anderen f\u00fcnf bayerischen Kunsthochschulen und weiterer staatlichen Kultureinrichtungen eingerichtet. Bei dieser unabh\u00e4ngigen Stelle k\u00f6nnen Besch\u00e4ftigte der HMTM in Lehre und Verwaltung Rechtsverst\u00f6\u00dfe, die [&hellip;]<\/p>\n","protected":false},"author":18,"featured_media":0,"parent":31104,"menu_order":143,"comment_status":"closed","ping_status":"closed","template":"","meta":{"_acf_changed":false,"footnotes":""},"pagetemplate":[541],"class_list":["post-39071","page","type-page","status-publish","hentry","pagetemplate-information"],"acf":[],"yoast_head":"<!-- This site is optimized with the Yoast SEO plugin v27.1.1 - https:\/\/yoast.com\/product\/yoast-seo-wordpress\/ -->\n<title>Reporting office according to the Whistleblower Protection Act - HMTM<\/title>\n<meta name=\"robots\" content=\"index, follow, max-snippet:-1, max-image-preview:large, max-video-preview:-1\" \/>\n<link rel=\"canonical\" href=\"https:\/\/hmtm.de\/en\/respect-and-trust\/whistleblower-protection-act\/\" \/>\n<meta property=\"og:locale\" content=\"en_GB\" \/>\n<meta property=\"og:type\" content=\"article\" \/>\n<meta property=\"og:title\" content=\"Reporting office according to the Whistleblower Protection Act - HMTM\" \/>\n<meta property=\"og:description\" content=\"In Umsetzung des Gesetzes f\u00fcr einen besseren Schutz hinweisgebender Personen (Hinweisgeberschutzgesetz) vom 31. Mai 2023 hat die Bayerische Staatsregierung eine unabh\u00e4ngige Meldestelle f\u00fcr alle Besch\u00e4ftigten der HMTM in Lehre und Verwaltung, der anderen f\u00fcnf bayerischen Kunsthochschulen und weiterer staatlichen Kultureinrichtungen eingerichtet. Bei dieser unabh\u00e4ngigen Stelle k\u00f6nnen Besch\u00e4ftigte der HMTM in Lehre und Verwaltung Rechtsverst\u00f6\u00dfe, die [&hellip;]\" \/>\n<meta property=\"og:url\" content=\"https:\/\/hmtm.de\/en\/respect-and-trust\/whistleblower-protection-act\/\" \/>\n<meta property=\"og:site_name\" content=\"HMTM\" \/>\n<meta property=\"article:publisher\" content=\"https:\/\/www.facebook.com\/Hochschule-fr-Musik-und-Theater-Mnchen-310270902396373\/\" \/>\n<meta property=\"article:modified_time\" content=\"2024-08-01T13:23:08+00:00\" \/>\n<meta name=\"twitter:card\" content=\"summary_large_image\" \/>\n<meta name=\"twitter:label1\" content=\"Estimated reading time\" \/>\n\t<meta name=\"twitter:data1\" content=\"1 minute\" \/>\n<script type=\"application\/ld+json\" class=\"yoast-schema-graph\">{\"@context\":\"https:\/\/schema.org\",\"@graph\":[{\"@type\":\"WebPage\",\"@id\":\"https:\/\/hmtm.de\/en\/respect-and-trust\/whistleblower-protection-act\/\",\"url\":\"https:\/\/hmtm.de\/en\/respect-and-trust\/whistleblower-protection-act\/\",\"name\":\"Reporting office according to the Whistleblower Protection Act - HMTM\",\"isPartOf\":{\"@id\":\"https:\/\/hmtm.de\/#website\"},\"datePublished\":\"2024-07-31T12:39:51+00:00\",\"dateModified\":\"2024-08-01T13:23:08+00:00\",\"breadcrumb\":{\"@id\":\"https:\/\/hmtm.de\/en\/respect-and-trust\/whistleblower-protection-act\/#breadcrumb\"},\"inLanguage\":\"en-GB\",\"potentialAction\":[{\"@type\":\"ReadAction\",\"target\":[\"https:\/\/hmtm.de\/en\/respect-and-trust\/whistleblower-protection-act\/\"]}]},{\"@type\":\"BreadcrumbList\",\"@id\":\"https:\/\/hmtm.de\/en\/respect-and-trust\/whistleblower-protection-act\/#breadcrumb\",\"itemListElement\":[{\"@type\":\"ListItem\",\"position\":1,\"name\":\"Startseite\",\"item\":\"https:\/\/hmtm.de\/en\/\"},{\"@type\":\"ListItem\",\"position\":2,\"name\":\"Our position\",\"item\":\"https:\/\/hmtm.de\/en\/respect-and-trust\/\"},{\"@type\":\"ListItem\",\"position\":3,\"name\":\"Reporting office according to the Whistleblower Protection Act\"}]},{\"@type\":\"WebSite\",\"@id\":\"https:\/\/hmtm.de\/#website\",\"url\":\"https:\/\/hmtm.de\/\",\"name\":\"HMTM\",\"description\":\"Hochschule f\u00fcr Musik und Theater M\u00fcnchen\",\"publisher\":{\"@id\":\"https:\/\/hmtm.de\/#organization\"},\"potentialAction\":[{\"@type\":\"SearchAction\",\"target\":{\"@type\":\"EntryPoint\",\"urlTemplate\":\"https:\/\/hmtm.de\/?s={search_term_string}\"},\"query-input\":{\"@type\":\"PropertyValueSpecification\",\"valueRequired\":true,\"valueName\":\"search_term_string\"}}],\"inLanguage\":\"en-GB\"},{\"@type\":\"Organization\",\"@id\":\"https:\/\/hmtm.de\/#organization\",\"name\":\"Hochschule f\u00fcr Musik und Theater M\u00fcnchen\",\"url\":\"https:\/\/hmtm.de\/\",\"logo\":{\"@type\":\"ImageObject\",\"inLanguage\":\"en-GB\",\"@id\":\"https:\/\/hmtm.de\/#\/schema\/logo\/image\/\",\"url\":\"https:\/\/hmtm.de\/wp-content\/uploads\/logos\/hmtm_logo.svg\",\"contentUrl\":\"https:\/\/hmtm.de\/wp-content\/uploads\/logos\/hmtm_logo.svg\",\"caption\":\"Hochschule f\u00fcr Musik und Theater M\u00fcnchen\"},\"image\":{\"@id\":\"https:\/\/hmtm.de\/#\/schema\/logo\/image\/\"},\"sameAs\":[\"https:\/\/www.facebook.com\/Hochschule-fr-Musik-und-Theater-Mnchen-310270902396373\/\",\"https:\/\/www.youtube.com\/channel\/UCruQL0dtip2Y6-x9XM8S_cA\/\",\"https:\/\/de.linkedin.com\/school\/hochschule-f-r-musik-und-theater-m-nchen\/\",\"https:\/\/www.xing.com\/pages\/hochschulefuermusikundtheatermuenchen\",\"https:\/\/www.instagram.com\/hmtm_offiziell\/\"]}]}<\/script>\n<!-- \/ Yoast SEO plugin. -->","yoast_head_json":{"title":"Reporting office according to the Whistleblower Protection Act - HMTM","robots":{"index":"index","follow":"follow","max-snippet":"max-snippet:-1","max-image-preview":"max-image-preview:large","max-video-preview":"max-video-preview:-1"},"canonical":"https:\/\/hmtm.de\/en\/respect-and-trust\/whistleblower-protection-act\/","og_locale":"en_GB","og_type":"article","og_title":"Reporting office according to the Whistleblower Protection Act - HMTM","og_description":"In Umsetzung des Gesetzes f\u00fcr einen besseren Schutz hinweisgebender Personen (Hinweisgeberschutzgesetz) vom 31. Mai 2023 hat die Bayerische Staatsregierung eine unabh\u00e4ngige Meldestelle f\u00fcr alle Besch\u00e4ftigten der HMTM in Lehre und Verwaltung, der anderen f\u00fcnf bayerischen Kunsthochschulen und weiterer staatlichen Kultureinrichtungen eingerichtet. Bei dieser unabh\u00e4ngigen Stelle k\u00f6nnen Besch\u00e4ftigte der HMTM in Lehre und Verwaltung Rechtsverst\u00f6\u00dfe, die [&hellip;]","og_url":"https:\/\/hmtm.de\/en\/respect-and-trust\/whistleblower-protection-act\/","og_site_name":"HMTM","article_publisher":"https:\/\/www.facebook.com\/Hochschule-fr-Musik-und-Theater-Mnchen-310270902396373\/","article_modified_time":"2024-08-01T13:23:08+00:00","twitter_card":"summary_large_image","twitter_misc":{"Estimated reading time":"1 minute"},"schema":{"@context":"https:\/\/schema.org","@graph":[{"@type":"WebPage","@id":"https:\/\/hmtm.de\/en\/respect-and-trust\/whistleblower-protection-act\/","url":"https:\/\/hmtm.de\/en\/respect-and-trust\/whistleblower-protection-act\/","name":"Reporting office according to the Whistleblower Protection Act - HMTM","isPartOf":{"@id":"https:\/\/hmtm.de\/#website"},"datePublished":"2024-07-31T12:39:51+00:00","dateModified":"2024-08-01T13:23:08+00:00","breadcrumb":{"@id":"https:\/\/hmtm.de\/en\/respect-and-trust\/whistleblower-protection-act\/#breadcrumb"},"inLanguage":"en-GB","potentialAction":[{"@type":"ReadAction","target":["https:\/\/hmtm.de\/en\/respect-and-trust\/whistleblower-protection-act\/"]}]},{"@type":"BreadcrumbList","@id":"https:\/\/hmtm.de\/en\/respect-and-trust\/whistleblower-protection-act\/#breadcrumb","itemListElement":[{"@type":"ListItem","position":1,"name":"Startseite","item":"https:\/\/hmtm.de\/en\/"},{"@type":"ListItem","position":2,"name":"Our position","item":"https:\/\/hmtm.de\/en\/respect-and-trust\/"},{"@type":"ListItem","position":3,"name":"Reporting office according to the Whistleblower Protection Act"}]},{"@type":"WebSite","@id":"https:\/\/hmtm.de\/#website","url":"https:\/\/hmtm.de\/","name":"HMTM","description":"Hochschule f\u00fcr Musik und Theater M\u00fcnchen","publisher":{"@id":"https:\/\/hmtm.de\/#organization"},"potentialAction":[{"@type":"SearchAction","target":{"@type":"EntryPoint","urlTemplate":"https:\/\/hmtm.de\/?s={search_term_string}"},"query-input":{"@type":"PropertyValueSpecification","valueRequired":true,"valueName":"search_term_string"}}],"inLanguage":"en-GB"},{"@type":"Organization","@id":"https:\/\/hmtm.de\/#organization","name":"Hochschule f\u00fcr Musik und Theater M\u00fcnchen","url":"https:\/\/hmtm.de\/","logo":{"@type":"ImageObject","inLanguage":"en-GB","@id":"https:\/\/hmtm.de\/#\/schema\/logo\/image\/","url":"https:\/\/hmtm.de\/wp-content\/uploads\/logos\/hmtm_logo.svg","contentUrl":"https:\/\/hmtm.de\/wp-content\/uploads\/logos\/hmtm_logo.svg","caption":"Hochschule f\u00fcr Musik und Theater M\u00fcnchen"},"image":{"@id":"https:\/\/hmtm.de\/#\/schema\/logo\/image\/"},"sameAs":["https:\/\/www.facebook.com\/Hochschule-fr-Musik-und-Theater-Mnchen-310270902396373\/","https:\/\/www.youtube.com\/channel\/UCruQL0dtip2Y6-x9XM8S_cA\/","https:\/\/de.linkedin.com\/school\/hochschule-f-r-musik-und-theater-m-nchen\/","https:\/\/www.xing.com\/pages\/hochschulefuermusikundtheatermuenchen","https:\/\/www.instagram.com\/hmtm_offiziell\/"]}]}},"_links":{"self":[{"href":"https:\/\/hmtm.de\/en\/wp-json\/wp\/v2\/pages\/39071","targetHints":{"allow":["GET"]}}],"collection":[{"href":"https:\/\/hmtm.de\/en\/wp-json\/wp\/v2\/pages"}],"about":[{"href":"https:\/\/hmtm.de\/en\/wp-json\/wp\/v2\/types\/page"}],"author":[{"embeddable":true,"href":"https:\/\/hmtm.de\/en\/wp-json\/wp\/v2\/users\/18"}],"replies":[{"embeddable":true,"href":"https:\/\/hmtm.de\/en\/wp-json\/wp\/v2\/comments?post=39071"}],"version-history":[{"count":4,"href":"https:\/\/hmtm.de\/en\/wp-json\/wp\/v2\/pages\/39071\/revisions"}],"predecessor-version":[{"id":39093,"href":"https:\/\/hmtm.de\/en\/wp-json\/wp\/v2\/pages\/39071\/revisions\/39093"}],"up":[{"embeddable":true,"href":"https:\/\/hmtm.de\/en\/wp-json\/wp\/v2\/pages\/31104"}],"wp:attachment":[{"href":"https:\/\/hmtm.de\/en\/wp-json\/wp\/v2\/media?parent=39071"}],"wp:term":[{"taxonomy":"pagetemplate","embeddable":true,"href":"https:\/\/hmtm.de\/en\/wp-json\/wp\/v2\/pagetemplate?post=39071"}],"curies":[{"name":"wp","href":"https:\/\/api.w.org\/{rel}","templated":true}]}}