{"id":50531,"date":"2025-07-16T14:49:17","date_gmt":"2025-07-16T12:49:17","guid":{"rendered":"https:\/\/hmtm.de\/ballet-academy\/paedagogisches-konzept\/"},"modified":"2025-12-09T11:17:17","modified_gmt":"2025-12-09T10:17:17","slug":"pedagogical-concept","status":"publish","type":"page","link":"https:\/\/hmtm.de\/en\/ballet-academy\/pedagogical-concept\/","title":{"rendered":"Pedagogical Concept"},"content":{"rendered":"<p>Vor dem Hintergrund der gro\u00dfen Notwendigkeit einer zukunftsweisenden Reform der Tanzp\u00e4dagogik hat die Ballett-Akademie der Hochschule f\u00fcr Musik und Theater M\u00fcnchen in einem umfangreichen und partizipativen Prozess ein p\u00e4dagogisches Konzept entwickelt.<\/p>\n<p>Das Konzept stellt die ganzheitliche Wahrnehmung der jungen T\u00e4nzerinnen und T\u00e4nzer der Ballett-Akademie in seinen Mittelpunkt. Neben den Zielen, Schwerpunkten und der Struktur der Ausbildung an der Ballett-Akademie definiert es auch die grunds\u00e4tzlichen didaktisch-methodischen Ans\u00e4tze der p\u00e4dagogischen Arbeit und schafft verbindliche und transparente Richtlinien f\u00fcr seine Umsetzung und Qualit\u00e4tssicherung.<\/p>\n<p>&nbsp;<\/p>\n","protected":false},"excerpt":{"rendered":"<p>Vor dem Hintergrund der gro\u00dfen Notwendigkeit einer zukunftsweisenden Reform der Tanzp\u00e4dagogik hat die Ballett-Akademie der Hochschule f\u00fcr Musik und Theater M\u00fcnchen in einem umfangreichen und partizipativen Prozess ein p\u00e4dagogisches Konzept entwickelt. Das Konzept stellt die ganzheitliche Wahrnehmung der jungen T\u00e4nzerinnen und T\u00e4nzer der Ballett-Akademie in seinen Mittelpunkt. Neben den Zielen, Schwerpunkten und der Struktur der [&hellip;]<\/p>\n","protected":false},"author":22,"featured_media":0,"parent":30928,"menu_order":98,"comment_status":"closed","ping_status":"closed","template":"","meta":{"_acf_changed":false,"footnotes":""},"pagetemplate":[541],"class_list":["post-50531","page","type-page","status-publish","hentry","pagetemplate-information"],"acf":[],"yoast_head":"<!-- This site is optimized with the Yoast SEO plugin v27.1.1 - https:\/\/yoast.com\/product\/yoast-seo-wordpress\/ -->\n<title>Pedagogical Concept - HMTM<\/title>\n<meta name=\"robots\" content=\"index, follow, max-snippet:-1, max-image-preview:large, max-video-preview:-1\" \/>\n<link rel=\"canonical\" href=\"https:\/\/hmtm.de\/en\/ballet-academy\/pedagogical-concept\/\" \/>\n<meta property=\"og:locale\" content=\"en_GB\" \/>\n<meta property=\"og:type\" content=\"article\" \/>\n<meta property=\"og:title\" content=\"Pedagogical Concept - HMTM\" \/>\n<meta property=\"og:description\" content=\"Vor dem Hintergrund der gro\u00dfen Notwendigkeit einer zukunftsweisenden Reform der Tanzp\u00e4dagogik hat die Ballett-Akademie der Hochschule f\u00fcr Musik und Theater M\u00fcnchen in einem umfangreichen und partizipativen Prozess ein p\u00e4dagogisches Konzept entwickelt. Das Konzept stellt die ganzheitliche Wahrnehmung der jungen T\u00e4nzerinnen und T\u00e4nzer der Ballett-Akademie in seinen Mittelpunkt. Neben den Zielen, Schwerpunkten und der Struktur der [&hellip;]\" \/>\n<meta property=\"og:url\" content=\"https:\/\/hmtm.de\/en\/ballet-academy\/pedagogical-concept\/\" \/>\n<meta property=\"og:site_name\" content=\"HMTM\" \/>\n<meta property=\"article:publisher\" content=\"https:\/\/www.facebook.com\/Hochschule-fr-Musik-und-Theater-Mnchen-310270902396373\/\" \/>\n<meta property=\"article:modified_time\" content=\"2025-12-09T10:17:17+00:00\" \/>\n<meta name=\"twitter:card\" content=\"summary_large_image\" \/>\n<meta name=\"twitter:label1\" content=\"Estimated reading time\" \/>\n\t<meta name=\"twitter:data1\" content=\"1 minute\" \/>\n<script type=\"application\/ld+json\" class=\"yoast-schema-graph\">{\"@context\":\"https:\/\/schema.org\",\"@graph\":[{\"@type\":\"WebPage\",\"@id\":\"https:\/\/hmtm.de\/en\/ballet-academy\/pedagogical-concept\/\",\"url\":\"https:\/\/hmtm.de\/en\/ballet-academy\/pedagogical-concept\/\",\"name\":\"Pedagogical Concept - HMTM\",\"isPartOf\":{\"@id\":\"https:\/\/hmtm.de\/#website\"},\"datePublished\":\"2025-07-16T12:49:17+00:00\",\"dateModified\":\"2025-12-09T10:17:17+00:00\",\"breadcrumb\":{\"@id\":\"https:\/\/hmtm.de\/en\/ballet-academy\/pedagogical-concept\/#breadcrumb\"},\"inLanguage\":\"en-GB\",\"potentialAction\":[{\"@type\":\"ReadAction\",\"target\":[\"https:\/\/hmtm.de\/en\/ballet-academy\/pedagogical-concept\/\"]}]},{\"@type\":\"BreadcrumbList\",\"@id\":\"https:\/\/hmtm.de\/en\/ballet-academy\/pedagogical-concept\/#breadcrumb\",\"itemListElement\":[{\"@type\":\"ListItem\",\"position\":1,\"name\":\"Startseite\",\"item\":\"https:\/\/hmtm.de\/en\/\"},{\"@type\":\"ListItem\",\"position\":2,\"name\":\"Ballet Academy\",\"item\":\"https:\/\/hmtm.de\/en\/ballet-academy\/\"},{\"@type\":\"ListItem\",\"position\":3,\"name\":\"Pedagogical Concept\"}]},{\"@type\":\"WebSite\",\"@id\":\"https:\/\/hmtm.de\/#website\",\"url\":\"https:\/\/hmtm.de\/\",\"name\":\"HMTM\",\"description\":\"Hochschule f\u00fcr Musik und Theater M\u00fcnchen\",\"publisher\":{\"@id\":\"https:\/\/hmtm.de\/#organization\"},\"potentialAction\":[{\"@type\":\"SearchAction\",\"target\":{\"@type\":\"EntryPoint\",\"urlTemplate\":\"https:\/\/hmtm.de\/?s={search_term_string}\"},\"query-input\":{\"@type\":\"PropertyValueSpecification\",\"valueRequired\":true,\"valueName\":\"search_term_string\"}}],\"inLanguage\":\"en-GB\"},{\"@type\":\"Organization\",\"@id\":\"https:\/\/hmtm.de\/#organization\",\"name\":\"Hochschule f\u00fcr Musik und Theater M\u00fcnchen\",\"url\":\"https:\/\/hmtm.de\/\",\"logo\":{\"@type\":\"ImageObject\",\"inLanguage\":\"en-GB\",\"@id\":\"https:\/\/hmtm.de\/#\/schema\/logo\/image\/\",\"url\":\"https:\/\/hmtm.de\/wp-content\/uploads\/logos\/hmtm_logo.svg\",\"contentUrl\":\"https:\/\/hmtm.de\/wp-content\/uploads\/logos\/hmtm_logo.svg\",\"caption\":\"Hochschule f\u00fcr Musik und Theater M\u00fcnchen\"},\"image\":{\"@id\":\"https:\/\/hmtm.de\/#\/schema\/logo\/image\/\"},\"sameAs\":[\"https:\/\/www.facebook.com\/Hochschule-fr-Musik-und-Theater-Mnchen-310270902396373\/\",\"https:\/\/www.youtube.com\/channel\/UCruQL0dtip2Y6-x9XM8S_cA\/\",\"https:\/\/de.linkedin.com\/school\/hochschule-f-r-musik-und-theater-m-nchen\/\",\"https:\/\/www.xing.com\/pages\/hochschulefuermusikundtheatermuenchen\",\"https:\/\/www.instagram.com\/hmtm_offiziell\/\"]}]}<\/script>\n<!-- \/ Yoast SEO plugin. -->","yoast_head_json":{"title":"Pedagogical Concept - HMTM","robots":{"index":"index","follow":"follow","max-snippet":"max-snippet:-1","max-image-preview":"max-image-preview:large","max-video-preview":"max-video-preview:-1"},"canonical":"https:\/\/hmtm.de\/en\/ballet-academy\/pedagogical-concept\/","og_locale":"en_GB","og_type":"article","og_title":"Pedagogical Concept - HMTM","og_description":"Vor dem Hintergrund der gro\u00dfen Notwendigkeit einer zukunftsweisenden Reform der Tanzp\u00e4dagogik hat die Ballett-Akademie der Hochschule f\u00fcr Musik und Theater M\u00fcnchen in einem umfangreichen und partizipativen Prozess ein p\u00e4dagogisches Konzept entwickelt. Das Konzept stellt die ganzheitliche Wahrnehmung der jungen T\u00e4nzerinnen und T\u00e4nzer der Ballett-Akademie in seinen Mittelpunkt. Neben den Zielen, Schwerpunkten und der Struktur der [&hellip;]","og_url":"https:\/\/hmtm.de\/en\/ballet-academy\/pedagogical-concept\/","og_site_name":"HMTM","article_publisher":"https:\/\/www.facebook.com\/Hochschule-fr-Musik-und-Theater-Mnchen-310270902396373\/","article_modified_time":"2025-12-09T10:17:17+00:00","twitter_card":"summary_large_image","twitter_misc":{"Estimated reading time":"1 minute"},"schema":{"@context":"https:\/\/schema.org","@graph":[{"@type":"WebPage","@id":"https:\/\/hmtm.de\/en\/ballet-academy\/pedagogical-concept\/","url":"https:\/\/hmtm.de\/en\/ballet-academy\/pedagogical-concept\/","name":"Pedagogical Concept - HMTM","isPartOf":{"@id":"https:\/\/hmtm.de\/#website"},"datePublished":"2025-07-16T12:49:17+00:00","dateModified":"2025-12-09T10:17:17+00:00","breadcrumb":{"@id":"https:\/\/hmtm.de\/en\/ballet-academy\/pedagogical-concept\/#breadcrumb"},"inLanguage":"en-GB","potentialAction":[{"@type":"ReadAction","target":["https:\/\/hmtm.de\/en\/ballet-academy\/pedagogical-concept\/"]}]},{"@type":"BreadcrumbList","@id":"https:\/\/hmtm.de\/en\/ballet-academy\/pedagogical-concept\/#breadcrumb","itemListElement":[{"@type":"ListItem","position":1,"name":"Startseite","item":"https:\/\/hmtm.de\/en\/"},{"@type":"ListItem","position":2,"name":"Ballet Academy","item":"https:\/\/hmtm.de\/en\/ballet-academy\/"},{"@type":"ListItem","position":3,"name":"Pedagogical Concept"}]},{"@type":"WebSite","@id":"https:\/\/hmtm.de\/#website","url":"https:\/\/hmtm.de\/","name":"HMTM","description":"Hochschule f\u00fcr Musik und Theater M\u00fcnchen","publisher":{"@id":"https:\/\/hmtm.de\/#organization"},"potentialAction":[{"@type":"SearchAction","target":{"@type":"EntryPoint","urlTemplate":"https:\/\/hmtm.de\/?s={search_term_string}"},"query-input":{"@type":"PropertyValueSpecification","valueRequired":true,"valueName":"search_term_string"}}],"inLanguage":"en-GB"},{"@type":"Organization","@id":"https:\/\/hmtm.de\/#organization","name":"Hochschule f\u00fcr Musik und Theater M\u00fcnchen","url":"https:\/\/hmtm.de\/","logo":{"@type":"ImageObject","inLanguage":"en-GB","@id":"https:\/\/hmtm.de\/#\/schema\/logo\/image\/","url":"https:\/\/hmtm.de\/wp-content\/uploads\/logos\/hmtm_logo.svg","contentUrl":"https:\/\/hmtm.de\/wp-content\/uploads\/logos\/hmtm_logo.svg","caption":"Hochschule f\u00fcr Musik und Theater M\u00fcnchen"},"image":{"@id":"https:\/\/hmtm.de\/#\/schema\/logo\/image\/"},"sameAs":["https:\/\/www.facebook.com\/Hochschule-fr-Musik-und-Theater-Mnchen-310270902396373\/","https:\/\/www.youtube.com\/channel\/UCruQL0dtip2Y6-x9XM8S_cA\/","https:\/\/de.linkedin.com\/school\/hochschule-f-r-musik-und-theater-m-nchen\/","https:\/\/www.xing.com\/pages\/hochschulefuermusikundtheatermuenchen","https:\/\/www.instagram.com\/hmtm_offiziell\/"]}]}},"_links":{"self":[{"href":"https:\/\/hmtm.de\/en\/wp-json\/wp\/v2\/pages\/50531","targetHints":{"allow":["GET"]}}],"collection":[{"href":"https:\/\/hmtm.de\/en\/wp-json\/wp\/v2\/pages"}],"about":[{"href":"https:\/\/hmtm.de\/en\/wp-json\/wp\/v2\/types\/page"}],"author":[{"embeddable":true,"href":"https:\/\/hmtm.de\/en\/wp-json\/wp\/v2\/users\/22"}],"replies":[{"embeddable":true,"href":"https:\/\/hmtm.de\/en\/wp-json\/wp\/v2\/comments?post=50531"}],"version-history":[{"count":2,"href":"https:\/\/hmtm.de\/en\/wp-json\/wp\/v2\/pages\/50531\/revisions"}],"predecessor-version":[{"id":50533,"href":"https:\/\/hmtm.de\/en\/wp-json\/wp\/v2\/pages\/50531\/revisions\/50533"}],"up":[{"embeddable":true,"href":"https:\/\/hmtm.de\/en\/wp-json\/wp\/v2\/pages\/30928"}],"wp:attachment":[{"href":"https:\/\/hmtm.de\/en\/wp-json\/wp\/v2\/media?parent=50531"}],"wp:term":[{"taxonomy":"pagetemplate","embeddable":true,"href":"https:\/\/hmtm.de\/en\/wp-json\/wp\/v2\/pagetemplate?post=50531"}],"curies":[{"name":"wp","href":"https:\/\/api.w.org\/{rel}","templated":true}]}}