{"id":50541,"date":"2025-07-18T10:02:33","date_gmt":"2025-07-18T08:02:33","guid":{"rendered":"https:\/\/hmtm.de\/ballet-academy\/health-policy\/"},"modified":"2026-02-25T13:52:32","modified_gmt":"2026-02-25T12:52:32","slug":"health-policy","status":"publish","type":"page","link":"https:\/\/hmtm.de\/en\/ballet-academy\/health-policy\/","title":{"rendered":"Health Policy"},"content":{"rendered":"<p>Unsere Ballett-Akademie f\u00fchrt eine <strong>umfassende Health Policy<\/strong> f\u00fcr ihre Studierenden ein. Als Konsequenz des P\u00e4dagogischen Konzepts der Ballett-Akademie gibt sich die Hochschule f\u00fcr Musik und Theater M\u00fcnchen (HMTM) damit eine klare Richtlinie f\u00fcr k\u00f6rperliche und mentale Gesundheit ihrer Tanzstudierenden. Die Health Policy ist ein wichtiger Baustein f\u00fcr eine ganzheitliche professionelle Ballettausbildung an der Ballett-Akademie der HMTM.<\/p>\n<p>Erkenntnisse der <strong>Tanzmedizin<\/strong>, der <strong>Ern\u00e4hrungswissenschaft<\/strong> und der <strong>Psychologie<\/strong> kommen in der Health Policy zusammen: So f\u00fchren wir mit der Health Policy etwa Mindeststandards f\u00fcr eine gesunde Gewichtsentwicklung der Studierenden ein. Eine tanzmedizinische physiologische Untersuchung zu Beginn des Studiums, regelm\u00e4\u00dfige Einzelsprechstunden sowie Anatomie- und Bewegungslehre als fester Aspekt im Studienplan tragen dem k\u00f6rperlichen Wohlergehen der Studierenden Rechnung. Ern\u00e4hrungswissenschaftliche Grundlagen sind in das Curriculum der Tanzstudierenden integriert. Individuelle Ern\u00e4hrungsberatung und gemeinsame Kochkurse geh\u00f6ren ebenfalls dazu, genauso wie ausreichende Trink- und Essenspausen zwischen den intensiven Trainingszeiten der Studierenden. Psychologische Workshops und Beratungen erg\u00e4nzen das Angebot.<\/p>\n<p>Die Health Policy wurde durch das<strong> interdisziplin\u00e4re Health Team<\/strong> unserer Ballett-Akademie entwickelt: Marc Geifes (Physiotherapeut), Dr. Dorothy Meyer (Ern\u00e4hrungswissenschaftlerin) und Anna Esser (Psychologin). Unterst\u00fctzt wurde das Team durch Prof. Dr. med. Hans Hauner (Institut f\u00fcr Ern\u00e4hrungsmedizin der Technischen Universit\u00e4t M\u00fcnchen) und Prof. Dr. med Martin Teufel (Arbeitsgruppe psychische Belastungen im Leistungssport an der an der LVR-Universit\u00e4tsklinik der Universit\u00e4t Duisburg Essen).<\/p>\n<p>Die Einf\u00fchrung der Health Policy an der Ballett-Akademie ist <strong>Teil des 7-Punkte-Plans der HMTM<\/strong>, mit dem die HMTM auch auf die <a href=\"https:\/\/hmtm.de\/en\/respect-and-trust\/study-2023\/\" target=\"_blank\" rel=\"noopener\">Ergebnisse der Studie \u00bbMachtmissbrauch, Diskriminierung und sexualisierte Gewalt an der HMTM\u00ab<\/a> reagiert. Die Studie wurde durch das externe Forschungsinstitut Institut f\u00fcr Praxisforschung und Projektberatung M\u00fcnchen auf Grundlage von qualitativen Interviews mit Hochschulangeh\u00f6rigen und einer umfassenden Vollerhebung im Sommersemester 2023 durchgef\u00fchrt. Die Ergebnisse wurden am 18. April 2024 der \u00d6ffentlichkeit vorgestellt.&nbsp;<\/p>\n","protected":false},"excerpt":{"rendered":"<p>Unsere Ballett-Akademie f\u00fchrt eine umfassende Health Policy f\u00fcr ihre Studierenden ein. Als Konsequenz des P\u00e4dagogischen Konzepts der Ballett-Akademie gibt sich die Hochschule f\u00fcr Musik und Theater M\u00fcnchen (HMTM) damit eine klare Richtlinie f\u00fcr k\u00f6rperliche und mentale Gesundheit ihrer Tanzstudierenden. Die Health Policy ist ein wichtiger Baustein f\u00fcr eine ganzheitliche professionelle Ballettausbildung an der Ballett-Akademie der [&hellip;]<\/p>\n","protected":false},"author":22,"featured_media":0,"parent":30928,"menu_order":96,"comment_status":"closed","ping_status":"closed","template":"","meta":{"_acf_changed":false,"footnotes":""},"pagetemplate":[541],"class_list":["post-50541","page","type-page","status-publish","hentry","pagetemplate-information"],"acf":[],"yoast_head":"<!-- This site is optimized with the Yoast SEO plugin v27.1.1 - https:\/\/yoast.com\/product\/yoast-seo-wordpress\/ -->\n<title>Health Policy - HMTM<\/title>\n<meta name=\"robots\" content=\"index, follow, max-snippet:-1, max-image-preview:large, max-video-preview:-1\" \/>\n<link rel=\"canonical\" href=\"https:\/\/hmtm.de\/en\/ballet-academy\/health-policy\/\" \/>\n<meta property=\"og:locale\" content=\"en_GB\" \/>\n<meta property=\"og:type\" content=\"article\" \/>\n<meta property=\"og:title\" content=\"Health Policy - HMTM\" \/>\n<meta property=\"og:description\" content=\"Unsere Ballett-Akademie f\u00fchrt eine umfassende Health Policy f\u00fcr ihre Studierenden ein. Als Konsequenz des P\u00e4dagogischen Konzepts der Ballett-Akademie gibt sich die Hochschule f\u00fcr Musik und Theater M\u00fcnchen (HMTM) damit eine klare Richtlinie f\u00fcr k\u00f6rperliche und mentale Gesundheit ihrer Tanzstudierenden. Die Health Policy ist ein wichtiger Baustein f\u00fcr eine ganzheitliche professionelle Ballettausbildung an der Ballett-Akademie der [&hellip;]\" \/>\n<meta property=\"og:url\" content=\"https:\/\/hmtm.de\/en\/ballet-academy\/health-policy\/\" \/>\n<meta property=\"og:site_name\" content=\"HMTM\" \/>\n<meta property=\"article:publisher\" content=\"https:\/\/www.facebook.com\/Hochschule-fr-Musik-und-Theater-Mnchen-310270902396373\/\" \/>\n<meta property=\"article:modified_time\" content=\"2026-02-25T12:52:32+00:00\" \/>\n<meta name=\"twitter:card\" content=\"summary_large_image\" \/>\n<meta name=\"twitter:label1\" content=\"Estimated reading time\" \/>\n\t<meta name=\"twitter:data1\" content=\"2 minutes\" \/>\n<script type=\"application\/ld+json\" class=\"yoast-schema-graph\">{\"@context\":\"https:\/\/schema.org\",\"@graph\":[{\"@type\":\"WebPage\",\"@id\":\"https:\/\/hmtm.de\/en\/ballet-academy\/health-policy\/\",\"url\":\"https:\/\/hmtm.de\/en\/ballet-academy\/health-policy\/\",\"name\":\"Health Policy - HMTM\",\"isPartOf\":{\"@id\":\"https:\/\/hmtm.de\/#website\"},\"datePublished\":\"2025-07-18T08:02:33+00:00\",\"dateModified\":\"2026-02-25T12:52:32+00:00\",\"breadcrumb\":{\"@id\":\"https:\/\/hmtm.de\/en\/ballet-academy\/health-policy\/#breadcrumb\"},\"inLanguage\":\"en-GB\",\"potentialAction\":[{\"@type\":\"ReadAction\",\"target\":[\"https:\/\/hmtm.de\/en\/ballet-academy\/health-policy\/\"]}]},{\"@type\":\"BreadcrumbList\",\"@id\":\"https:\/\/hmtm.de\/en\/ballet-academy\/health-policy\/#breadcrumb\",\"itemListElement\":[{\"@type\":\"ListItem\",\"position\":1,\"name\":\"Startseite\",\"item\":\"https:\/\/hmtm.de\/en\/\"},{\"@type\":\"ListItem\",\"position\":2,\"name\":\"Ballet Academy\",\"item\":\"https:\/\/hmtm.de\/en\/ballet-academy\/\"},{\"@type\":\"ListItem\",\"position\":3,\"name\":\"Health Policy\"}]},{\"@type\":\"WebSite\",\"@id\":\"https:\/\/hmtm.de\/#website\",\"url\":\"https:\/\/hmtm.de\/\",\"name\":\"HMTM\",\"description\":\"Hochschule f\u00fcr Musik und Theater M\u00fcnchen\",\"publisher\":{\"@id\":\"https:\/\/hmtm.de\/#organization\"},\"potentialAction\":[{\"@type\":\"SearchAction\",\"target\":{\"@type\":\"EntryPoint\",\"urlTemplate\":\"https:\/\/hmtm.de\/?s={search_term_string}\"},\"query-input\":{\"@type\":\"PropertyValueSpecification\",\"valueRequired\":true,\"valueName\":\"search_term_string\"}}],\"inLanguage\":\"en-GB\"},{\"@type\":\"Organization\",\"@id\":\"https:\/\/hmtm.de\/#organization\",\"name\":\"Hochschule f\u00fcr Musik und Theater M\u00fcnchen\",\"url\":\"https:\/\/hmtm.de\/\",\"logo\":{\"@type\":\"ImageObject\",\"inLanguage\":\"en-GB\",\"@id\":\"https:\/\/hmtm.de\/#\/schema\/logo\/image\/\",\"url\":\"https:\/\/hmtm.de\/wp-content\/uploads\/logos\/hmtm_logo.svg\",\"contentUrl\":\"https:\/\/hmtm.de\/wp-content\/uploads\/logos\/hmtm_logo.svg\",\"caption\":\"Hochschule f\u00fcr Musik und Theater M\u00fcnchen\"},\"image\":{\"@id\":\"https:\/\/hmtm.de\/#\/schema\/logo\/image\/\"},\"sameAs\":[\"https:\/\/www.facebook.com\/Hochschule-fr-Musik-und-Theater-Mnchen-310270902396373\/\",\"https:\/\/www.youtube.com\/channel\/UCruQL0dtip2Y6-x9XM8S_cA\/\",\"https:\/\/de.linkedin.com\/school\/hochschule-f-r-musik-und-theater-m-nchen\/\",\"https:\/\/www.xing.com\/pages\/hochschulefuermusikundtheatermuenchen\",\"https:\/\/www.instagram.com\/hmtm_offiziell\/\"]}]}<\/script>\n<!-- \/ Yoast SEO plugin. -->","yoast_head_json":{"title":"Health Policy - HMTM","robots":{"index":"index","follow":"follow","max-snippet":"max-snippet:-1","max-image-preview":"max-image-preview:large","max-video-preview":"max-video-preview:-1"},"canonical":"https:\/\/hmtm.de\/en\/ballet-academy\/health-policy\/","og_locale":"en_GB","og_type":"article","og_title":"Health Policy - HMTM","og_description":"Unsere Ballett-Akademie f\u00fchrt eine umfassende Health Policy f\u00fcr ihre Studierenden ein. Als Konsequenz des P\u00e4dagogischen Konzepts der Ballett-Akademie gibt sich die Hochschule f\u00fcr Musik und Theater M\u00fcnchen (HMTM) damit eine klare Richtlinie f\u00fcr k\u00f6rperliche und mentale Gesundheit ihrer Tanzstudierenden. Die Health Policy ist ein wichtiger Baustein f\u00fcr eine ganzheitliche professionelle Ballettausbildung an der Ballett-Akademie der [&hellip;]","og_url":"https:\/\/hmtm.de\/en\/ballet-academy\/health-policy\/","og_site_name":"HMTM","article_publisher":"https:\/\/www.facebook.com\/Hochschule-fr-Musik-und-Theater-Mnchen-310270902396373\/","article_modified_time":"2026-02-25T12:52:32+00:00","twitter_card":"summary_large_image","twitter_misc":{"Estimated reading time":"2 minutes"},"schema":{"@context":"https:\/\/schema.org","@graph":[{"@type":"WebPage","@id":"https:\/\/hmtm.de\/en\/ballet-academy\/health-policy\/","url":"https:\/\/hmtm.de\/en\/ballet-academy\/health-policy\/","name":"Health Policy - HMTM","isPartOf":{"@id":"https:\/\/hmtm.de\/#website"},"datePublished":"2025-07-18T08:02:33+00:00","dateModified":"2026-02-25T12:52:32+00:00","breadcrumb":{"@id":"https:\/\/hmtm.de\/en\/ballet-academy\/health-policy\/#breadcrumb"},"inLanguage":"en-GB","potentialAction":[{"@type":"ReadAction","target":["https:\/\/hmtm.de\/en\/ballet-academy\/health-policy\/"]}]},{"@type":"BreadcrumbList","@id":"https:\/\/hmtm.de\/en\/ballet-academy\/health-policy\/#breadcrumb","itemListElement":[{"@type":"ListItem","position":1,"name":"Startseite","item":"https:\/\/hmtm.de\/en\/"},{"@type":"ListItem","position":2,"name":"Ballet Academy","item":"https:\/\/hmtm.de\/en\/ballet-academy\/"},{"@type":"ListItem","position":3,"name":"Health Policy"}]},{"@type":"WebSite","@id":"https:\/\/hmtm.de\/#website","url":"https:\/\/hmtm.de\/","name":"HMTM","description":"Hochschule f\u00fcr Musik und Theater M\u00fcnchen","publisher":{"@id":"https:\/\/hmtm.de\/#organization"},"potentialAction":[{"@type":"SearchAction","target":{"@type":"EntryPoint","urlTemplate":"https:\/\/hmtm.de\/?s={search_term_string}"},"query-input":{"@type":"PropertyValueSpecification","valueRequired":true,"valueName":"search_term_string"}}],"inLanguage":"en-GB"},{"@type":"Organization","@id":"https:\/\/hmtm.de\/#organization","name":"Hochschule f\u00fcr Musik und Theater M\u00fcnchen","url":"https:\/\/hmtm.de\/","logo":{"@type":"ImageObject","inLanguage":"en-GB","@id":"https:\/\/hmtm.de\/#\/schema\/logo\/image\/","url":"https:\/\/hmtm.de\/wp-content\/uploads\/logos\/hmtm_logo.svg","contentUrl":"https:\/\/hmtm.de\/wp-content\/uploads\/logos\/hmtm_logo.svg","caption":"Hochschule f\u00fcr Musik und Theater M\u00fcnchen"},"image":{"@id":"https:\/\/hmtm.de\/#\/schema\/logo\/image\/"},"sameAs":["https:\/\/www.facebook.com\/Hochschule-fr-Musik-und-Theater-Mnchen-310270902396373\/","https:\/\/www.youtube.com\/channel\/UCruQL0dtip2Y6-x9XM8S_cA\/","https:\/\/de.linkedin.com\/school\/hochschule-f-r-musik-und-theater-m-nchen\/","https:\/\/www.xing.com\/pages\/hochschulefuermusikundtheatermuenchen","https:\/\/www.instagram.com\/hmtm_offiziell\/"]}]}},"_links":{"self":[{"href":"https:\/\/hmtm.de\/en\/wp-json\/wp\/v2\/pages\/50541","targetHints":{"allow":["GET"]}}],"collection":[{"href":"https:\/\/hmtm.de\/en\/wp-json\/wp\/v2\/pages"}],"about":[{"href":"https:\/\/hmtm.de\/en\/wp-json\/wp\/v2\/types\/page"}],"author":[{"embeddable":true,"href":"https:\/\/hmtm.de\/en\/wp-json\/wp\/v2\/users\/22"}],"replies":[{"embeddable":true,"href":"https:\/\/hmtm.de\/en\/wp-json\/wp\/v2\/comments?post=50541"}],"version-history":[{"count":9,"href":"https:\/\/hmtm.de\/en\/wp-json\/wp\/v2\/pages\/50541\/revisions"}],"predecessor-version":[{"id":52555,"href":"https:\/\/hmtm.de\/en\/wp-json\/wp\/v2\/pages\/50541\/revisions\/52555"}],"up":[{"embeddable":true,"href":"https:\/\/hmtm.de\/en\/wp-json\/wp\/v2\/pages\/30928"}],"wp:attachment":[{"href":"https:\/\/hmtm.de\/en\/wp-json\/wp\/v2\/media?parent=50541"}],"wp:term":[{"taxonomy":"pagetemplate","embeddable":true,"href":"https:\/\/hmtm.de\/en\/wp-json\/wp\/v2\/pagetemplate?post=50541"}],"curies":[{"name":"wp","href":"https:\/\/api.w.org\/{rel}","templated":true}]}}