{"id":53530,"date":"2026-02-24T13:54:45","date_gmt":"2026-02-24T12:54:45","guid":{"rendered":"https:\/\/hmtm.de\/library\/digitales-publizieren\/"},"modified":"2026-03-25T11:02:51","modified_gmt":"2026-03-25T10:02:51","slug":"digital-publishing","status":"publish","type":"page","link":"https:\/\/hmtm.de\/en\/library\/digital-publishing\/","title":{"rendered":"Digital publishing"},"content":{"rendered":"<p>Das elektronische Publizieren von Texten, Bildern, Audio- und Videodateien im Internet ist Angeh\u00f6rigen und Mitgliedern der Hochschule f\u00fcr Musik und Theater M\u00fcnchen grunds\u00e4tzlich \u00fcber die sogenannte \u00bbDigitale Sammlung\u00ab [Verlinkung] der Hochschule f\u00fcr Musik und Theater M\u00fcnchen m\u00f6glich. Die Digitale Sammlung dient der dauerhaften Ver\u00f6ffentlichung, Wiederauffindbarkeit und der langfristigen Archivierung von digitalen oder digitalisierten Publikationen der Hochschule, ihrer Lehrenden, Studierenden und Mitarbeiter*innen.<\/p>\n<p>Die elektronischen Dokumente werden in der Digitalen Sammlung mit Hilfe von strukturierten Metadaten bibliographisch beschrieben und \u00fcber Bibliothekskataloge und Suchmaschinen international auffindbar gemacht. Die Zitierf\u00e4higkeit ist durch eine dauerhafte, stabile WWW-Adresse (persistent identifier urn:nbn ) garantiert.&nbsp;<\/p>\n","protected":false},"excerpt":{"rendered":"<p>Das elektronische Publizieren von Texten, Bildern, Audio- und Videodateien im Internet ist Angeh\u00f6rigen und Mitgliedern der Hochschule f\u00fcr Musik und Theater M\u00fcnchen grunds\u00e4tzlich \u00fcber die sogenannte \u00bbDigitale Sammlung\u00ab [Verlinkung] der Hochschule f\u00fcr Musik und Theater M\u00fcnchen m\u00f6glich. Die Digitale Sammlung dient der dauerhaften Ver\u00f6ffentlichung, Wiederauffindbarkeit und der langfristigen Archivierung von digitalen oder digitalisierten Publikationen der [&hellip;]<\/p>\n","protected":false},"author":22,"featured_media":0,"parent":30999,"menu_order":9,"comment_status":"closed","ping_status":"closed","template":"","meta":{"_acf_changed":false,"footnotes":""},"pagetemplate":[541],"class_list":["post-53530","page","type-page","status-publish","hentry","pagetemplate-information"],"acf":[],"yoast_head":"<!-- This site is optimized with the Yoast SEO plugin v27.1.1 - https:\/\/yoast.com\/product\/yoast-seo-wordpress\/ -->\n<title>Digital publishing - HMTM<\/title>\n<meta name=\"robots\" content=\"index, follow, max-snippet:-1, max-image-preview:large, max-video-preview:-1\" \/>\n<link rel=\"canonical\" href=\"https:\/\/hmtm.de\/en\/library\/digital-publishing\/\" \/>\n<meta property=\"og:locale\" content=\"en_GB\" \/>\n<meta property=\"og:type\" content=\"article\" \/>\n<meta property=\"og:title\" content=\"Digital publishing - HMTM\" \/>\n<meta property=\"og:description\" content=\"Das elektronische Publizieren von Texten, Bildern, Audio- und Videodateien im Internet ist Angeh\u00f6rigen und Mitgliedern der Hochschule f\u00fcr Musik und Theater M\u00fcnchen grunds\u00e4tzlich \u00fcber die sogenannte \u00bbDigitale Sammlung\u00ab [Verlinkung] der Hochschule f\u00fcr Musik und Theater M\u00fcnchen m\u00f6glich. Die Digitale Sammlung dient der dauerhaften Ver\u00f6ffentlichung, Wiederauffindbarkeit und der langfristigen Archivierung von digitalen oder digitalisierten Publikationen der [&hellip;]\" \/>\n<meta property=\"og:url\" content=\"https:\/\/hmtm.de\/en\/library\/digital-publishing\/\" \/>\n<meta property=\"og:site_name\" content=\"HMTM\" \/>\n<meta property=\"article:publisher\" content=\"https:\/\/www.facebook.com\/Hochschule-fr-Musik-und-Theater-Mnchen-310270902396373\/\" \/>\n<meta property=\"article:modified_time\" content=\"2026-03-25T10:02:51+00:00\" \/>\n<meta name=\"twitter:card\" content=\"summary_large_image\" \/>\n<meta name=\"twitter:label1\" content=\"Estimated reading time\" \/>\n\t<meta name=\"twitter:data1\" content=\"1 minute\" \/>\n<script type=\"application\/ld+json\" class=\"yoast-schema-graph\">{\"@context\":\"https:\/\/schema.org\",\"@graph\":[{\"@type\":\"WebPage\",\"@id\":\"https:\/\/hmtm.de\/en\/library\/digital-publishing\/\",\"url\":\"https:\/\/hmtm.de\/en\/library\/digital-publishing\/\",\"name\":\"Digital publishing - HMTM\",\"isPartOf\":{\"@id\":\"https:\/\/hmtm.de\/#website\"},\"datePublished\":\"2026-02-24T12:54:45+00:00\",\"dateModified\":\"2026-03-25T10:02:51+00:00\",\"breadcrumb\":{\"@id\":\"https:\/\/hmtm.de\/en\/library\/digital-publishing\/#breadcrumb\"},\"inLanguage\":\"en-GB\",\"potentialAction\":[{\"@type\":\"ReadAction\",\"target\":[\"https:\/\/hmtm.de\/en\/library\/digital-publishing\/\"]}]},{\"@type\":\"BreadcrumbList\",\"@id\":\"https:\/\/hmtm.de\/en\/library\/digital-publishing\/#breadcrumb\",\"itemListElement\":[{\"@type\":\"ListItem\",\"position\":1,\"name\":\"Startseite\",\"item\":\"https:\/\/hmtm.de\/en\/\"},{\"@type\":\"ListItem\",\"position\":2,\"name\":\"Library\",\"item\":\"https:\/\/hmtm.de\/en\/library\/\"},{\"@type\":\"ListItem\",\"position\":3,\"name\":\"Digital publishing\"}]},{\"@type\":\"WebSite\",\"@id\":\"https:\/\/hmtm.de\/#website\",\"url\":\"https:\/\/hmtm.de\/\",\"name\":\"HMTM\",\"description\":\"Hochschule f\u00fcr Musik und Theater M\u00fcnchen\",\"publisher\":{\"@id\":\"https:\/\/hmtm.de\/#organization\"},\"potentialAction\":[{\"@type\":\"SearchAction\",\"target\":{\"@type\":\"EntryPoint\",\"urlTemplate\":\"https:\/\/hmtm.de\/?s={search_term_string}\"},\"query-input\":{\"@type\":\"PropertyValueSpecification\",\"valueRequired\":true,\"valueName\":\"search_term_string\"}}],\"inLanguage\":\"en-GB\"},{\"@type\":\"Organization\",\"@id\":\"https:\/\/hmtm.de\/#organization\",\"name\":\"Hochschule f\u00fcr Musik und Theater M\u00fcnchen\",\"url\":\"https:\/\/hmtm.de\/\",\"logo\":{\"@type\":\"ImageObject\",\"inLanguage\":\"en-GB\",\"@id\":\"https:\/\/hmtm.de\/#\/schema\/logo\/image\/\",\"url\":\"https:\/\/hmtm.de\/wp-content\/uploads\/logos\/hmtm_logo.svg\",\"contentUrl\":\"https:\/\/hmtm.de\/wp-content\/uploads\/logos\/hmtm_logo.svg\",\"caption\":\"Hochschule f\u00fcr Musik und Theater M\u00fcnchen\"},\"image\":{\"@id\":\"https:\/\/hmtm.de\/#\/schema\/logo\/image\/\"},\"sameAs\":[\"https:\/\/www.facebook.com\/Hochschule-fr-Musik-und-Theater-Mnchen-310270902396373\/\",\"https:\/\/www.youtube.com\/channel\/UCruQL0dtip2Y6-x9XM8S_cA\/\",\"https:\/\/de.linkedin.com\/school\/hochschule-f-r-musik-und-theater-m-nchen\/\",\"https:\/\/www.xing.com\/pages\/hochschulefuermusikundtheatermuenchen\",\"https:\/\/www.instagram.com\/hmtm_offiziell\/\"]}]}<\/script>\n<!-- \/ Yoast SEO plugin. -->","yoast_head_json":{"title":"Digital publishing - HMTM","robots":{"index":"index","follow":"follow","max-snippet":"max-snippet:-1","max-image-preview":"max-image-preview:large","max-video-preview":"max-video-preview:-1"},"canonical":"https:\/\/hmtm.de\/en\/library\/digital-publishing\/","og_locale":"en_GB","og_type":"article","og_title":"Digital publishing - HMTM","og_description":"Das elektronische Publizieren von Texten, Bildern, Audio- und Videodateien im Internet ist Angeh\u00f6rigen und Mitgliedern der Hochschule f\u00fcr Musik und Theater M\u00fcnchen grunds\u00e4tzlich \u00fcber die sogenannte \u00bbDigitale Sammlung\u00ab [Verlinkung] der Hochschule f\u00fcr Musik und Theater M\u00fcnchen m\u00f6glich. Die Digitale Sammlung dient der dauerhaften Ver\u00f6ffentlichung, Wiederauffindbarkeit und der langfristigen Archivierung von digitalen oder digitalisierten Publikationen der [&hellip;]","og_url":"https:\/\/hmtm.de\/en\/library\/digital-publishing\/","og_site_name":"HMTM","article_publisher":"https:\/\/www.facebook.com\/Hochschule-fr-Musik-und-Theater-Mnchen-310270902396373\/","article_modified_time":"2026-03-25T10:02:51+00:00","twitter_card":"summary_large_image","twitter_misc":{"Estimated reading time":"1 minute"},"schema":{"@context":"https:\/\/schema.org","@graph":[{"@type":"WebPage","@id":"https:\/\/hmtm.de\/en\/library\/digital-publishing\/","url":"https:\/\/hmtm.de\/en\/library\/digital-publishing\/","name":"Digital publishing - HMTM","isPartOf":{"@id":"https:\/\/hmtm.de\/#website"},"datePublished":"2026-02-24T12:54:45+00:00","dateModified":"2026-03-25T10:02:51+00:00","breadcrumb":{"@id":"https:\/\/hmtm.de\/en\/library\/digital-publishing\/#breadcrumb"},"inLanguage":"en-GB","potentialAction":[{"@type":"ReadAction","target":["https:\/\/hmtm.de\/en\/library\/digital-publishing\/"]}]},{"@type":"BreadcrumbList","@id":"https:\/\/hmtm.de\/en\/library\/digital-publishing\/#breadcrumb","itemListElement":[{"@type":"ListItem","position":1,"name":"Startseite","item":"https:\/\/hmtm.de\/en\/"},{"@type":"ListItem","position":2,"name":"Library","item":"https:\/\/hmtm.de\/en\/library\/"},{"@type":"ListItem","position":3,"name":"Digital publishing"}]},{"@type":"WebSite","@id":"https:\/\/hmtm.de\/#website","url":"https:\/\/hmtm.de\/","name":"HMTM","description":"Hochschule f\u00fcr Musik und Theater M\u00fcnchen","publisher":{"@id":"https:\/\/hmtm.de\/#organization"},"potentialAction":[{"@type":"SearchAction","target":{"@type":"EntryPoint","urlTemplate":"https:\/\/hmtm.de\/?s={search_term_string}"},"query-input":{"@type":"PropertyValueSpecification","valueRequired":true,"valueName":"search_term_string"}}],"inLanguage":"en-GB"},{"@type":"Organization","@id":"https:\/\/hmtm.de\/#organization","name":"Hochschule f\u00fcr Musik und Theater M\u00fcnchen","url":"https:\/\/hmtm.de\/","logo":{"@type":"ImageObject","inLanguage":"en-GB","@id":"https:\/\/hmtm.de\/#\/schema\/logo\/image\/","url":"https:\/\/hmtm.de\/wp-content\/uploads\/logos\/hmtm_logo.svg","contentUrl":"https:\/\/hmtm.de\/wp-content\/uploads\/logos\/hmtm_logo.svg","caption":"Hochschule f\u00fcr Musik und Theater M\u00fcnchen"},"image":{"@id":"https:\/\/hmtm.de\/#\/schema\/logo\/image\/"},"sameAs":["https:\/\/www.facebook.com\/Hochschule-fr-Musik-und-Theater-Mnchen-310270902396373\/","https:\/\/www.youtube.com\/channel\/UCruQL0dtip2Y6-x9XM8S_cA\/","https:\/\/de.linkedin.com\/school\/hochschule-f-r-musik-und-theater-m-nchen\/","https:\/\/www.xing.com\/pages\/hochschulefuermusikundtheatermuenchen","https:\/\/www.instagram.com\/hmtm_offiziell\/"]}]}},"_links":{"self":[{"href":"https:\/\/hmtm.de\/en\/wp-json\/wp\/v2\/pages\/53530","targetHints":{"allow":["GET"]}}],"collection":[{"href":"https:\/\/hmtm.de\/en\/wp-json\/wp\/v2\/pages"}],"about":[{"href":"https:\/\/hmtm.de\/en\/wp-json\/wp\/v2\/types\/page"}],"author":[{"embeddable":true,"href":"https:\/\/hmtm.de\/en\/wp-json\/wp\/v2\/users\/22"}],"replies":[{"embeddable":true,"href":"https:\/\/hmtm.de\/en\/wp-json\/wp\/v2\/comments?post=53530"}],"version-history":[{"count":4,"href":"https:\/\/hmtm.de\/en\/wp-json\/wp\/v2\/pages\/53530\/revisions"}],"predecessor-version":[{"id":53534,"href":"https:\/\/hmtm.de\/en\/wp-json\/wp\/v2\/pages\/53530\/revisions\/53534"}],"up":[{"embeddable":true,"href":"https:\/\/hmtm.de\/en\/wp-json\/wp\/v2\/pages\/30999"}],"wp:attachment":[{"href":"https:\/\/hmtm.de\/en\/wp-json\/wp\/v2\/media?parent=53530"}],"wp:term":[{"taxonomy":"pagetemplate","embeddable":true,"href":"https:\/\/hmtm.de\/en\/wp-json\/wp\/v2\/pagetemplate?post=53530"}],"curies":[{"name":"wp","href":"https:\/\/api.w.org\/{rel}","templated":true}]}}